{"id":1311,"date":"2021-11-15T06:21:44","date_gmt":"2021-11-15T04:21:44","guid":{"rendered":"https:\/\/palliative.lv\/vecakiem\/"},"modified":"2021-11-24T01:00:01","modified_gmt":"2021-11-23T23:00:01","slug":"roditeljam","status":"publish","type":"page","link":"https:\/\/palliative.lv\/ru\/roditeljam\/","title":{"rendered":"\u0420\u043e\u0434\u0438\u0442\u0435\u043b\u044f\u043c"},"content":{"rendered":"    <div class=\"video-component\">\n        <div class=\"video-wrapper align-right\">\n            <a href=\"\" class=\"d-block h-100 overflow-hidden position-relative\" data-toggle=\"modal\" data-target=\"#videoShortcode0\">\n                                    <img decoding=\"async\" src=\"https:\/\/palliative.lv\/wp-content\/uploads\/2021\/11\/we-support-video-min.jpg\" alt=\"\" class=\"video-bg absolute-cover-img\">\n                                <img decoding=\"async\" src=\"https:\/\/palliative.lv\/wp-content\/themes\/duka\/images\/play.png\" alt=\"\" class=\"video-play-button position-absolute object-contain\">\n            <\/a>\n            <div class=\"image-modal-window\">\n                <div class=\"modal video-modal\" id=\"videoShortcode0\" tabindex=\"-1\">\n                    <div class=\"modal-dialog d-inline-block w-100\">\n                        <div class=\"modal-content d-block\">\n                            <div class=\"iframe-wrapper\"><iframe loading=\"lazy\" title=\"Kas ir b\u0113rnu paliat\u012bv\u0101 apr\u016bpe?\" width=\"640\" height=\"360\" src=\"https:\/\/www.youtube.com\/embed\/Tvb-lKXXRh8?start=1&feature=oembed\" frameborder=\"0\" allow=\"accelerometer; autoplay; clipboard-write; encrypted-media; gyroscope; picture-in-picture; web-share\" referrerpolicy=\"strict-origin-when-cross-origin\" allowfullscreen><\/iframe><\/div>\n                        <\/div>\n                    <\/div>\n                    <button class=\"modal-cross position-absolute\" data-dismiss=\"modal\">\n                        <img decoding=\"async\" src=\"https:\/\/palliative.lv\/wp-content\/themes\/duka\/images\/cross.svg\">\n                    <\/button>\n                <\/div>\n            <\/div>\n        <\/div>\n                    <div class=\"video-component-wysiwyg clear-both-wysiwyg wysiwyg-styles\"><h2>\u0427\u0442\u043e \u0442\u0430\u043a\u043e\u0435 \u043f\u0430\u043b\u043b\u0438\u0430\u0442\u0438\u0432\u043d\u0430\u044f \u043f\u043e\u043c\u043e\u0449\u044c \u0434\u0435\u0442\u044f\u043c?<\/h2>\n<p>\u041d\u0430 \u0432\u043e\u043f\u0440\u043e\u0441 \u043e \u043f\u0430\u043b\u043b\u0438\u0430\u0442\u0438\u0432\u043d\u043e\u0439 \u043f\u043e\u043c\u043e\u0449\u0438 \u0434\u0435\u0442\u044f\u043c \u043e\u0442\u0432\u0435\u0447\u0430\u044e\u0442 \u0440\u043e\u0434\u0438\u0442\u0435\u043b\u0438:<\/p>\n<p>\u00ab\u041f\u0430\u043b\u043b\u0438\u0430\u0442\u0438\u0432\u043d\u0430\u044f \u043f\u043e\u043c\u043e\u0449\u044c &#8212; \u044d\u0442\u043e \u0438\u0441\u0442\u043e\u0440\u0438\u044f \u043e \u0442\u043e\u043c, \u043a\u0430\u043a \u043d\u0430\u0443\u0447\u0438\u0442\u044c\u0441\u044f \u0436\u0438\u0442\u044c \u0432 \u0441\u0435\u043c\u044c\u044f\u0445 \u0441 \u0434\u0435\u0442\u044c\u043c\u0438 \u0441 \u0442\u044f\u0436\u0435\u043b\u044b\u043c\u0438 \u0444\u043e\u0440\u043c\u0430\u043c\u0438 \u0438\u043d\u0432\u0430\u043b\u0438\u0434\u043d\u043e\u0441\u0442\u0438\u00bb.<\/p>\n<p>\u0412 \u0441\u0432\u043e\u044e \u043e\u0447\u0435\u0440\u0435\u0434\u044c, \u043c\u044b, \u043a\u043e\u043c\u0430\u043d\u0434\u0430 \u0434\u0435\u0442\u0441\u043a\u043e\u0439 \u043f\u0430\u043b\u043b\u0438\u0430\u0442\u0438\u0432\u043d\u043e\u0439 \u043f\u043e\u043c\u043e\u0449\u0438, \u043c\u043e\u0436\u0435\u043c \u0441\u043a\u0430\u0437\u0430\u0442\u044c: \u044d\u0442\u0438 \u0441\u0435\u043c\u044c\u0438 \u0443\u0447\u0430\u0442 \u043d\u0430\u0441 \u043d\u0435 \u0441\u0434\u0430\u0432\u0430\u0442\u044c\u0441\u044f, \u0438\u043c\u0435\u043d\u043d\u043e \u043e\u043d\u0438 \u0441\u043e\u0437\u0434\u0430\u044e\u0442 \u0438\u0441\u0442\u043e\u0440\u0438\u0438 \u043e \u0441\u0438\u043b\u0435 \u041b\u0430\u0442\u0432\u0438\u0438!<\/p>\n<\/div>\n            <\/div>\n\n    <div class=\"rounded-image-component\">\n                    <div class=\"rounded-image overflow-hidden position-relative\">\n                <img decoding=\"async\" src=\"https:\/\/palliative.lv\/wp-content\/uploads\/2021\/11\/2020-08-23-13.06.30-1024x683.jpg\" alt=\"\" class=\"absolute-cover-img\">\n            <\/div>\n                    <div class=\"rounded-wysiwyg clear-both-wysiwyg wysiwyg-styles\"><h2>\u041d\u0430\u043f\u043e\u043b\u043d\u044f\u0442\u044c \u0441\u0438\u043b\u043e\u0439 \u0438 \u044d\u043d\u0435\u0440\u0433\u0438\u0435\u0439 \u0437\u0430\u0431\u043e\u0442\u044f\u0449\u0438\u0445\u0441\u044f \u043e \u0442\u044f\u0436\u0435\u043b\u043e\u0431\u043e\u043b\u044c\u043d\u044b\u0445 \u0434\u0435\u0442\u044f\u0445.<\/h2>\n<p>\u0421\u0430\u043c\u043e\u043e\u0442\u0432\u0435\u0440\u0436\u0435\u043d\u043d\u043e\u0441\u0442\u044c, \u043b\u044e\u0431\u043e\u0432\u044c, \u0442\u0435\u0440\u043f\u0438\u043c\u043e\u0441\u0442\u044c, \u0434\u0435\u0442\u0438, \u0441\u0435\u043c\u044c\u044f, \u0432\u043e\u043b\u043d\u0435\u043d\u0438\u044f, \u043f\u043e\u0434\u0434\u0435\u0440\u0436\u043a\u0430, \u0437\u0430\u0431\u043e\u0442\u0430\u00a0\u2014 \u0432\u0441\u0435 \u043c\u044b \u043f\u043e\u043d\u0438\u043c\u0430\u0435\u043c \u0437\u043d\u0430\u0447\u0435\u043d\u0438\u0435 \u044d\u0442\u0438\u0445 \u0441\u043b\u043e\u0432 \u0438 \u043a\u0430\u043a \u043c\u043d\u043e\u0433\u043e \u0442\u0440\u0435\u0431\u0443\u0435\u0442\u0441\u044f \u0434\u043b\u044f \u0442\u043e\u0433\u043e, \u0447\u0442\u043e\u0431\u044b \u043e\u043d\u0438 \u0441\u0442\u0430\u043b\u0438 \u0440\u0435\u0430\u043b\u044c\u043d\u043e\u0441\u0442\u044c\u044e.<\/p>\n<p>\u0415\u0441\u0442\u044c \u0441\u0435\u043c\u044c\u0438, \u043a\u043e\u0442\u043e\u0440\u044b\u043c \u043b\u044e\u0431\u043e\u0432\u044c, \u0437\u0430\u0431\u043e\u0442\u0430 \u0438 \u0441\u0430\u043c\u043e\u043e\u0442\u0432\u0435\u0440\u0436\u0435\u043d\u043d\u043e\u0441\u0442\u044c \u0442\u0440\u0435\u0431\u0443\u044e\u0442\u0441\u044f \u0432\u0434\u0432\u043e\u0439\u043d\u0435. \u042d\u0442\u043e \u0441\u0435\u043c\u044c\u0438 \u0441 \u0442\u044f\u0436\u0435\u043b\u043e\u0431\u043e\u043b\u044c\u043d\u044b\u043c\u0438 \u0434\u0435\u0442\u044c\u043c\u0438.<\/p>\n<p>\u041d\u0430\u043f\u043e\u043b\u043d\u044f\u0442\u044c \u0441\u0438\u043b\u043e\u0439 \u0437\u0430\u0431\u043e\u0442\u044f\u0449\u0438\u0445\u0441\u044f \u2014 \u043c\u0438\u0441\u0441\u0438\u044f \u041e\u0431\u0449\u0435\u0441\u0442\u0432\u0430 \u0434\u0435\u0442\u0441\u043a\u043e\u0439 \u043f\u0430\u043b\u043b\u0438\u0430\u0442\u0438\u0432\u043d\u043e\u0439 \u043f\u043e\u043c\u043e\u0449\u0438, \u043a\u043e\u0442\u043e\u0440\u0430\u044f \u043c\u043e\u0436\u0435\u0442 \u0441\u0442\u0430\u0442\u044c \u043c\u0438\u0441\u0441\u0438\u0435\u0439 \u043b\u044e\u0431\u043e\u0433\u043e \u0447\u0435\u043b\u043e\u0432\u0435\u043a\u0430, \u043a\u043e\u0442\u043e\u0440\u044b\u0439 \u0445\u043e\u0447\u0435\u0442 \u043f\u043e\u0434\u0434\u0435\u0440\u0436\u0438\u0432\u0430\u0442\u044c \u0442\u0430\u043a\u0438\u0435 \u0441\u0435\u043c\u044c\u0438.<\/p>\n<p>&nbsp;<\/p>\n<\/div>\n            <\/div>\n\n","protected":false},"excerpt":{"rendered":"","protected":false},"author":1,"featured_media":0,"parent":0,"menu_order":0,"comment_status":"closed","ping_status":"closed","template":"we-support.php","meta":{"_acf_changed":false,"footnotes":""},"acf":[],"yoast_head":"<!-- This site is optimized with the Yoast SEO plugin v21.8 - https:\/\/yoast.com\/wordpress\/plugins\/seo\/ -->\n<title>\u0420\u043e\u0434\u0438\u0442\u0435\u043b\u044f\u043c | palliative.lv<\/title>\n<meta name=\"robots\" content=\"index, follow, max-snippet:-1, max-image-preview:large, max-video-preview:-1\" \/>\n<link rel=\"canonical\" href=\"https:\/\/palliative.lv\/ru\/roditeljam\/\" \/>\n<meta property=\"og:locale\" content=\"ru_RU\" \/>\n<meta property=\"og:type\" content=\"article\" \/>\n<meta property=\"og:title\" content=\"\u0420\u043e\u0434\u0438\u0442\u0435\u043b\u044f\u043c | palliative.lv\" \/>\n<meta property=\"og:url\" content=\"https:\/\/palliative.lv\/ru\/roditeljam\/\" \/>\n<meta property=\"og:site_name\" content=\"palliative.lv\" \/>\n<meta property=\"article:modified_time\" content=\"2021-11-23T23:00:01+00:00\" \/>\n<meta name=\"twitter:card\" content=\"summary_large_image\" \/>\n<script type=\"application\/ld+json\" class=\"yoast-schema-graph\">{\"@context\":\"https:\/\/schema.org\",\"@graph\":[{\"@type\":\"WebPage\",\"@id\":\"https:\/\/palliative.lv\/ru\/roditeljam\/\",\"url\":\"https:\/\/palliative.lv\/ru\/roditeljam\/\",\"name\":\"\u0420\u043e\u0434\u0438\u0442\u0435\u043b\u044f\u043c | palliative.lv\",\"isPartOf\":{\"@id\":\"https:\/\/palliative.lv\/ru\/#website\"},\"datePublished\":\"2021-11-15T04:21:44+00:00\",\"dateModified\":\"2021-11-23T23:00:01+00:00\",\"breadcrumb\":{\"@id\":\"https:\/\/palliative.lv\/ru\/roditeljam\/#breadcrumb\"},\"inLanguage\":\"ru-RU\",\"potentialAction\":[{\"@type\":\"ReadAction\",\"target\":[\"https:\/\/palliative.lv\/ru\/roditeljam\/\"]}]},{\"@type\":\"BreadcrumbList\",\"@id\":\"https:\/\/palliative.lv\/ru\/roditeljam\/#breadcrumb\",\"itemListElement\":[{\"@type\":\"ListItem\",\"position\":1,\"name\":\"Home\",\"item\":\"https:\/\/palliative.lv\/ru\/\"},{\"@type\":\"ListItem\",\"position\":2,\"name\":\"\u0420\u043e\u0434\u0438\u0442\u0435\u043b\u044f\u043c\"}]},{\"@type\":\"WebSite\",\"@id\":\"https:\/\/palliative.lv\/ru\/#website\",\"url\":\"https:\/\/palliative.lv\/ru\/\",\"name\":\"palliative.lv\",\"description\":\"\",\"potentialAction\":[{\"@type\":\"SearchAction\",\"target\":{\"@type\":\"EntryPoint\",\"urlTemplate\":\"https:\/\/palliative.lv\/ru\/?s={search_term_string}\"},\"query-input\":\"required name=search_term_string\"}],\"inLanguage\":\"ru-RU\"}]}<\/script>\n<!-- \/ Yoast SEO plugin. -->","yoast_head_json":{"title":"\u0420\u043e\u0434\u0438\u0442\u0435\u043b\u044f\u043c | palliative.lv","robots":{"index":"index","follow":"follow","max-snippet":"max-snippet:-1","max-image-preview":"max-image-preview:large","max-video-preview":"max-video-preview:-1"},"canonical":"https:\/\/palliative.lv\/ru\/roditeljam\/","og_locale":"ru_RU","og_type":"article","og_title":"\u0420\u043e\u0434\u0438\u0442\u0435\u043b\u044f\u043c | palliative.lv","og_url":"https:\/\/palliative.lv\/ru\/roditeljam\/","og_site_name":"palliative.lv","article_modified_time":"2021-11-23T23:00:01+00:00","twitter_card":"summary_large_image","schema":{"@context":"https:\/\/schema.org","@graph":[{"@type":"WebPage","@id":"https:\/\/palliative.lv\/ru\/roditeljam\/","url":"https:\/\/palliative.lv\/ru\/roditeljam\/","name":"\u0420\u043e\u0434\u0438\u0442\u0435\u043b\u044f\u043c | palliative.lv","isPartOf":{"@id":"https:\/\/palliative.lv\/ru\/#website"},"datePublished":"2021-11-15T04:21:44+00:00","dateModified":"2021-11-23T23:00:01+00:00","breadcrumb":{"@id":"https:\/\/palliative.lv\/ru\/roditeljam\/#breadcrumb"},"inLanguage":"ru-RU","potentialAction":[{"@type":"ReadAction","target":["https:\/\/palliative.lv\/ru\/roditeljam\/"]}]},{"@type":"BreadcrumbList","@id":"https:\/\/palliative.lv\/ru\/roditeljam\/#breadcrumb","itemListElement":[{"@type":"ListItem","position":1,"name":"Home","item":"https:\/\/palliative.lv\/ru\/"},{"@type":"ListItem","position":2,"name":"\u0420\u043e\u0434\u0438\u0442\u0435\u043b\u044f\u043c"}]},{"@type":"WebSite","@id":"https:\/\/palliative.lv\/ru\/#website","url":"https:\/\/palliative.lv\/ru\/","name":"palliative.lv","description":"","potentialAction":[{"@type":"SearchAction","target":{"@type":"EntryPoint","urlTemplate":"https:\/\/palliative.lv\/ru\/?s={search_term_string}"},"query-input":"required name=search_term_string"}],"inLanguage":"ru-RU"}]}},"_links":{"self":[{"href":"https:\/\/palliative.lv\/ru\/wp-json\/wp\/v2\/pages\/1311"}],"collection":[{"href":"https:\/\/palliative.lv\/ru\/wp-json\/wp\/v2\/pages"}],"about":[{"href":"https:\/\/palliative.lv\/ru\/wp-json\/wp\/v2\/types\/page"}],"author":[{"embeddable":true,"href":"https:\/\/palliative.lv\/ru\/wp-json\/wp\/v2\/users\/1"}],"replies":[{"embeddable":true,"href":"https:\/\/palliative.lv\/ru\/wp-json\/wp\/v2\/comments?post=1311"}],"version-history":[{"count":0,"href":"https:\/\/palliative.lv\/ru\/wp-json\/wp\/v2\/pages\/1311\/revisions"}],"wp:attachment":[{"href":"https:\/\/palliative.lv\/ru\/wp-json\/wp\/v2\/media?parent=1311"}],"curies":[{"name":"wp","href":"https:\/\/api.w.org\/{rel}","templated":true}]}}