{"id":1293,"date":"2021-11-15T06:06:30","date_gmt":"2021-11-15T04:06:30","guid":{"rendered":"https:\/\/palliative.lv\/par-mums\/sasniegumi\/"},"modified":"2023-11-01T16:13:49","modified_gmt":"2023-11-01T14:13:49","slug":"istorija","status":"publish","type":"page","link":"https:\/\/palliative.lv\/ru\/o-nas\/istorija\/","title":{"rendered":"\u0418\u0441\u0442\u043e\u0440\u0438\u044f"},"content":{"rendered":"","protected":false},"excerpt":{"rendered":"","protected":false},"author":1,"featured_media":0,"parent":1281,"menu_order":0,"comment_status":"closed","ping_status":"closed","template":"achievements.php","meta":{"_acf_changed":false,"footnotes":""},"acf":[],"yoast_head":"<!-- This site is optimized with the Yoast SEO plugin v21.8 - https:\/\/yoast.com\/wordpress\/plugins\/seo\/ -->\n<title>\u0418\u0441\u0442\u043e\u0440\u0438\u044f | palliative.lv<\/title>\n<meta name=\"description\" content=\"B\u0113rnu paliat\u012bv\u0101s apr\u016bpes biedr\u012bba sav\u0101 darb\u012bbas laik\u0101 \u012bstenojusi 12 starptautiskus un 23 viet\u0113ja rakstura projektus, ka ar\u012b piedal\u012bjusies 2 starptautiskos projektos. Biedr\u012bba iesaist\u012bjusies vair\u0101ku normat\u012bvo aktu un pl\u0101no\u0161anas dokumentu izstr\u0101d\u0113, nodro\u0161inot paliat\u012bv\u0101 apr\u016bp\u0113 eso\u0161o \u0123ime\u0146u intere\u0161u aizst\u0101v\u012bbu un sniedzot profesion\u0101lu redz\u0113jumu par pakalpojumu pilnveido\u0161anu un nozares att\u012bst\u012bbu.\" \/>\n<meta name=\"robots\" content=\"index, follow, max-snippet:-1, max-image-preview:large, max-video-preview:-1\" \/>\n<link rel=\"canonical\" href=\"https:\/\/palliative.lv\/ru\/o-nas\/istorija\/\" \/>\n<meta property=\"og:locale\" content=\"ru_RU\" \/>\n<meta property=\"og:type\" content=\"article\" \/>\n<meta property=\"og:title\" content=\"\u0418\u0441\u0442\u043e\u0440\u0438\u044f | palliative.lv\" \/>\n<meta property=\"og:description\" content=\"B\u0113rnu paliat\u012bv\u0101s apr\u016bpes biedr\u012bba sav\u0101 darb\u012bbas laik\u0101 \u012bstenojusi 12 starptautiskus un 23 viet\u0113ja rakstura projektus, ka ar\u012b piedal\u012bjusies 2 starptautiskos projektos. Biedr\u012bba iesaist\u012bjusies vair\u0101ku normat\u012bvo aktu un pl\u0101no\u0161anas dokumentu izstr\u0101d\u0113, nodro\u0161inot paliat\u012bv\u0101 apr\u016bp\u0113 eso\u0161o \u0123ime\u0146u intere\u0161u aizst\u0101v\u012bbu un sniedzot profesion\u0101lu redz\u0113jumu par pakalpojumu pilnveido\u0161anu un nozares att\u012bst\u012bbu.\" \/>\n<meta property=\"og:url\" content=\"https:\/\/palliative.lv\/ru\/o-nas\/istorija\/\" \/>\n<meta property=\"og:site_name\" content=\"palliative.lv\" \/>\n<meta property=\"article:modified_time\" content=\"2023-11-01T14:13:49+00:00\" \/>\n<meta name=\"twitter:card\" content=\"summary_large_image\" \/>\n<script type=\"application\/ld+json\" class=\"yoast-schema-graph\">{\"@context\":\"https:\/\/schema.org\",\"@graph\":[{\"@type\":\"WebPage\",\"@id\":\"https:\/\/palliative.lv\/ru\/o-nas\/istorija\/\",\"url\":\"https:\/\/palliative.lv\/ru\/o-nas\/istorija\/\",\"name\":\"\u0418\u0441\u0442\u043e\u0440\u0438\u044f | palliative.lv\",\"isPartOf\":{\"@id\":\"https:\/\/palliative.lv\/ru\/#website\"},\"datePublished\":\"2021-11-15T04:06:30+00:00\",\"dateModified\":\"2023-11-01T14:13:49+00:00\",\"description\":\"B\u0113rnu paliat\u012bv\u0101s apr\u016bpes biedr\u012bba sav\u0101 darb\u012bbas laik\u0101 \u012bstenojusi 12 starptautiskus un 23 viet\u0113ja rakstura projektus, ka ar\u012b piedal\u012bjusies 2 starptautiskos projektos. Biedr\u012bba iesaist\u012bjusies vair\u0101ku normat\u012bvo aktu un pl\u0101no\u0161anas dokumentu izstr\u0101d\u0113, nodro\u0161inot paliat\u012bv\u0101 apr\u016bp\u0113 eso\u0161o \u0123ime\u0146u intere\u0161u aizst\u0101v\u012bbu un sniedzot profesion\u0101lu redz\u0113jumu par pakalpojumu pilnveido\u0161anu un nozares att\u012bst\u012bbu.\",\"breadcrumb\":{\"@id\":\"https:\/\/palliative.lv\/ru\/o-nas\/istorija\/#breadcrumb\"},\"inLanguage\":\"ru-RU\",\"potentialAction\":[{\"@type\":\"ReadAction\",\"target\":[\"https:\/\/palliative.lv\/ru\/o-nas\/istorija\/\"]}]},{\"@type\":\"BreadcrumbList\",\"@id\":\"https:\/\/palliative.lv\/ru\/o-nas\/istorija\/#breadcrumb\",\"itemListElement\":[{\"@type\":\"ListItem\",\"position\":1,\"name\":\"Home\",\"item\":\"https:\/\/palliative.lv\/ru\/\"},{\"@type\":\"ListItem\",\"position\":2,\"name\":\"\u041e \u043d\u0430\u0441\",\"item\":\"https:\/\/palliative.lv\/ru\/o-nas\/\"},{\"@type\":\"ListItem\",\"position\":3,\"name\":\"\u0418\u0441\u0442\u043e\u0440\u0438\u044f\"}]},{\"@type\":\"WebSite\",\"@id\":\"https:\/\/palliative.lv\/ru\/#website\",\"url\":\"https:\/\/palliative.lv\/ru\/\",\"name\":\"palliative.lv\",\"description\":\"\",\"potentialAction\":[{\"@type\":\"SearchAction\",\"target\":{\"@type\":\"EntryPoint\",\"urlTemplate\":\"https:\/\/palliative.lv\/ru\/?s={search_term_string}\"},\"query-input\":\"required name=search_term_string\"}],\"inLanguage\":\"ru-RU\"}]}<\/script>\n<!-- \/ Yoast SEO plugin. -->","yoast_head_json":{"title":"\u0418\u0441\u0442\u043e\u0440\u0438\u044f | palliative.lv","description":"B\u0113rnu paliat\u012bv\u0101s apr\u016bpes biedr\u012bba sav\u0101 darb\u012bbas laik\u0101 \u012bstenojusi 12 starptautiskus un 23 viet\u0113ja rakstura projektus, ka ar\u012b piedal\u012bjusies 2 starptautiskos projektos. Biedr\u012bba iesaist\u012bjusies vair\u0101ku normat\u012bvo aktu un pl\u0101no\u0161anas dokumentu izstr\u0101d\u0113, nodro\u0161inot paliat\u012bv\u0101 apr\u016bp\u0113 eso\u0161o \u0123ime\u0146u intere\u0161u aizst\u0101v\u012bbu un sniedzot profesion\u0101lu redz\u0113jumu par pakalpojumu pilnveido\u0161anu un nozares att\u012bst\u012bbu.","robots":{"index":"index","follow":"follow","max-snippet":"max-snippet:-1","max-image-preview":"max-image-preview:large","max-video-preview":"max-video-preview:-1"},"canonical":"https:\/\/palliative.lv\/ru\/o-nas\/istorija\/","og_locale":"ru_RU","og_type":"article","og_title":"\u0418\u0441\u0442\u043e\u0440\u0438\u044f | palliative.lv","og_description":"B\u0113rnu paliat\u012bv\u0101s apr\u016bpes biedr\u012bba sav\u0101 darb\u012bbas laik\u0101 \u012bstenojusi 12 starptautiskus un 23 viet\u0113ja rakstura projektus, ka ar\u012b piedal\u012bjusies 2 starptautiskos projektos. Biedr\u012bba iesaist\u012bjusies vair\u0101ku normat\u012bvo aktu un pl\u0101no\u0161anas dokumentu izstr\u0101d\u0113, nodro\u0161inot paliat\u012bv\u0101 apr\u016bp\u0113 eso\u0161o \u0123ime\u0146u intere\u0161u aizst\u0101v\u012bbu un sniedzot profesion\u0101lu redz\u0113jumu par pakalpojumu pilnveido\u0161anu un nozares att\u012bst\u012bbu.","og_url":"https:\/\/palliative.lv\/ru\/o-nas\/istorija\/","og_site_name":"palliative.lv","article_modified_time":"2023-11-01T14:13:49+00:00","twitter_card":"summary_large_image","schema":{"@context":"https:\/\/schema.org","@graph":[{"@type":"WebPage","@id":"https:\/\/palliative.lv\/ru\/o-nas\/istorija\/","url":"https:\/\/palliative.lv\/ru\/o-nas\/istorija\/","name":"\u0418\u0441\u0442\u043e\u0440\u0438\u044f | palliative.lv","isPartOf":{"@id":"https:\/\/palliative.lv\/ru\/#website"},"datePublished":"2021-11-15T04:06:30+00:00","dateModified":"2023-11-01T14:13:49+00:00","description":"B\u0113rnu paliat\u012bv\u0101s apr\u016bpes biedr\u012bba sav\u0101 darb\u012bbas laik\u0101 \u012bstenojusi 12 starptautiskus un 23 viet\u0113ja rakstura projektus, ka ar\u012b piedal\u012bjusies 2 starptautiskos projektos. Biedr\u012bba iesaist\u012bjusies vair\u0101ku normat\u012bvo aktu un pl\u0101no\u0161anas dokumentu izstr\u0101d\u0113, nodro\u0161inot paliat\u012bv\u0101 apr\u016bp\u0113 eso\u0161o \u0123ime\u0146u intere\u0161u aizst\u0101v\u012bbu un sniedzot profesion\u0101lu redz\u0113jumu par pakalpojumu pilnveido\u0161anu un nozares att\u012bst\u012bbu.","breadcrumb":{"@id":"https:\/\/palliative.lv\/ru\/o-nas\/istorija\/#breadcrumb"},"inLanguage":"ru-RU","potentialAction":[{"@type":"ReadAction","target":["https:\/\/palliative.lv\/ru\/o-nas\/istorija\/"]}]},{"@type":"BreadcrumbList","@id":"https:\/\/palliative.lv\/ru\/o-nas\/istorija\/#breadcrumb","itemListElement":[{"@type":"ListItem","position":1,"name":"Home","item":"https:\/\/palliative.lv\/ru\/"},{"@type":"ListItem","position":2,"name":"\u041e \u043d\u0430\u0441","item":"https:\/\/palliative.lv\/ru\/o-nas\/"},{"@type":"ListItem","position":3,"name":"\u0418\u0441\u0442\u043e\u0440\u0438\u044f"}]},{"@type":"WebSite","@id":"https:\/\/palliative.lv\/ru\/#website","url":"https:\/\/palliative.lv\/ru\/","name":"palliative.lv","description":"","potentialAction":[{"@type":"SearchAction","target":{"@type":"EntryPoint","urlTemplate":"https:\/\/palliative.lv\/ru\/?s={search_term_string}"},"query-input":"required name=search_term_string"}],"inLanguage":"ru-RU"}]}},"_links":{"self":[{"href":"https:\/\/palliative.lv\/ru\/wp-json\/wp\/v2\/pages\/1293"}],"collection":[{"href":"https:\/\/palliative.lv\/ru\/wp-json\/wp\/v2\/pages"}],"about":[{"href":"https:\/\/palliative.lv\/ru\/wp-json\/wp\/v2\/types\/page"}],"author":[{"embeddable":true,"href":"https:\/\/palliative.lv\/ru\/wp-json\/wp\/v2\/users\/1"}],"replies":[{"embeddable":true,"href":"https:\/\/palliative.lv\/ru\/wp-json\/wp\/v2\/comments?post=1293"}],"version-history":[{"count":2,"href":"https:\/\/palliative.lv\/ru\/wp-json\/wp\/v2\/pages\/1293\/revisions"}],"predecessor-version":[{"id":4382,"href":"https:\/\/palliative.lv\/ru\/wp-json\/wp\/v2\/pages\/1293\/revisions\/4382"}],"up":[{"embeddable":true,"href":"https:\/\/palliative.lv\/ru\/wp-json\/wp\/v2\/pages\/1281"}],"wp:attachment":[{"href":"https:\/\/palliative.lv\/ru\/wp-json\/wp\/v2\/media?parent=1293"}],"curies":[{"name":"wp","href":"https:\/\/api.w.org\/{rel}","templated":true}]}}