{"id":1289,"date":"2021-11-18T08:25:47","date_gmt":"2021-11-18T06:25:47","guid":{"rendered":"https:\/\/palliative.lv\/par-mums\/pievienojies-mums\/"},"modified":"2021-11-23T23:48:27","modified_gmt":"2021-11-23T21:48:27","slug":"prisoedinjajtes-k-nam","status":"publish","type":"page","link":"https:\/\/palliative.lv\/ru\/o-nas\/prisoedinjajtes-k-nam\/","title":{"rendered":"\u041f\u0440\u0438\u0441\u043e\u0435\u0434\u0438\u043d\u044f\u0439\u0442\u0435\u0441\u044c \u043a \u043d\u0430\u043c"},"content":{"rendered":"<h2>\u0412 \u0447\u0435\u043c \u0442\u0432\u043e\u044f \u0441\u0438\u043b\u0430?\u00a0\u0422\u0432\u043e\u044f \u0441\u0438\u043b\u0430 \u2014 \u044d\u0442\u043e \u0442\u043e, \u0447\u0442\u043e \u043c\u043e\u0436\u0435\u0442 \u0432\u0434\u043e\u0445\u043d\u043e\u0432\u043b\u044f\u0442\u044c, \u0443\u043a\u0440\u0435\u043f\u043b\u044f\u0442\u044c \u0442\u0435\u0431\u044f \u0441\u0430\u043c\u043e\u0433\u043e \u0438 \u043e\u043a\u0440\u0443\u0436\u0430\u044e\u0449\u0438\u0445.<\/h2>\n<p><img loading=\"lazy\" decoding=\"async\" class=\"alignnone size-full wp-image-908\" src=\"https:\/\/palliative.lv\/wp-content\/uploads\/2021\/11\/2020-08-23-12.42.29.jpg\" alt=\"\" width=\"1920\" height=\"1280\" srcset=\"https:\/\/palliative.lv\/wp-content\/uploads\/2021\/11\/2020-08-23-12.42.29.jpg 1920w, https:\/\/palliative.lv\/wp-content\/uploads\/2021\/11\/2020-08-23-12.42.29-300x200.jpg 300w, https:\/\/palliative.lv\/wp-content\/uploads\/2021\/11\/2020-08-23-12.42.29-1024x683.jpg 1024w, https:\/\/palliative.lv\/wp-content\/uploads\/2021\/11\/2020-08-23-12.42.29-768x512.jpg 768w, https:\/\/palliative.lv\/wp-content\/uploads\/2021\/11\/2020-08-23-12.42.29-1500x1000.jpg 1500w\" sizes=\"(max-width: 1920px) 100vw, 1920px\" \/><\/p>\n<h2>\u041a\u0430\u043a \u043c\u043e\u0436\u043d\u043e \u043f\u043e\u043c\u043e\u0447\u044c \u0441\u0435\u043c\u044c\u044f\u043c:<\/h2>\n<ul>\n<li>\u043f\u0440\u0430\u043a\u0442\u0438\u0447\u0435\u0441\u043a\u0430\u044f \u043f\u043e\u043c\u043e\u0449\u044c \u2014 \u043e\u0440\u0433\u0430\u043d\u0438\u0437\u0430\u0446\u0438\u044f \u043c\u0435\u0440\u043e\u043f\u0440\u0438\u044f\u0442\u0438\u0439, \u043b\u0435\u043a\u0446\u0438\u0438, \u043f\u0438\u0441\u044c\u043c\u0435\u043d\u043d\u044b\u0435 \u0440\u0430\u0431\u043e\u0442\u044b, \u043f\u0435\u043d\u0438\u0435.<\/li>\n<li>\u0434\u0435\u043b\u0430\u044f \u0442\u043e, \u0447\u0442\u043e \u0442\u044b \u043b\u044e\u0431\u0438\u0448\u044c, \u0438 \u0442\u043e, \u0447\u0442\u043e \u0445\u043e\u0447\u0435\u0448\u044c \u0434\u0430\u0442\u044c \u0434\u0440\u0443\u0433\u0438\u043c.<\/li>\n<\/ul>\n<h2>\u041d\u0430\u043c \u043e\u0447\u0435\u043d\u044c \u043d\u0443\u0436\u043d\u0430 \u043f\u0440\u0430\u043a\u0442\u0438\u0447\u0435\u0441\u043a\u0430\u044f \u043f\u043e\u043c\u043e\u0449\u044c \u0432 \u0441\u043b\u0435\u0434\u0443\u044e\u0449\u0435\u043c:<\/h2>\n<ul>\n<li>\u043c\u0430\u0440\u043a\u0435\u0442\u0438\u043d\u0433,<\/li>\n<li>\u0430\u0434\u043c\u0438\u043d\u0438\u0441\u0442\u0440\u0438\u0440\u043e\u0432\u0430\u043d\u0438\u0435 \u0441\u043e\u0446\u0438\u0430\u043b\u044c\u043d\u044b\u0445 \u0441\u0435\u0442\u0435\u0439,<\/li>\n<li>\u0440\u0443\u043a\u043e\u0432\u043e\u0434\u0441\u0442\u0432\u043e \u0438\u043d\u0438\u0446\u0438\u0430\u0442\u0438\u0432\u043d\u043e\u0439 \u0433\u0440\u0443\u043f\u043f\u043e\u0439 \u0440\u043e\u0434\u0438\u0442\u0435\u043b\u0435\u0439,<\/li>\n<li>\u043e\u0440\u0433\u0430\u043d\u0438\u0437\u0430\u0446\u0438\u044f \u043c\u0435\u0440\u043e\u043f\u0440\u0438\u044f\u0442\u0438\u0439,<\/li>\n<li>\u043d\u0430\u043f\u0438\u0441\u0430\u043d\u0438\u0435 \u043f\u0440\u043e\u0435\u043a\u0442\u043e\u0432,<\/li>\n<li>\u0432\u0435\u0434\u0435\u043d\u0438\u0435 \u0431\u043b\u043e\u0433\u0430 \u043d\u0430 \u0437\u043d\u0430\u0447\u0438\u043c\u044b\u0435 \u0442\u0435\u043c\u044b, \u0441\u0432\u044f\u0437\u0430\u043d\u043d\u044b\u0435 \u0441 \u043a\u0430\u0447\u0435\u0441\u0442\u0432\u043e\u043c \u0436\u0438\u0437\u043d\u0438, \u043f\u0440\u043e\u0431\u043b\u0435\u043c\u0430\u043c\u0438 \u0436\u0438\u0437\u043d\u0438 \u0438 \u0441\u043c\u0435\u0440\u0442\u0438, \u043b\u044e\u0434\u044c\u043c\u0438, \u0446\u0435\u043d\u043d\u043e\u0441\u0442\u044f\u043c\u0438,<\/li>\n<li>\u043a\u0443\u0440\u0430\u0442\u043e\u0440 \u044d-\u043c\u0430\u0433\u0430\u0437\u0438\u043d\u0430, \u043a\u043e\u0442\u043e\u0440\u044b\u0439 \u0441\u0432\u043e\u0435\u0439 \u0441\u0438\u043b\u043e\u0439 \u0438 \u044d\u043d\u0435\u0440\u0433\u0438\u0435\u0439 \u0431\u0443\u0434\u0435\u0442 \u043f\u0440\u0438\u0432\u043b\u0435\u043a\u0430\u0442\u044c \u043a\u043b\u0438\u0435\u043d\u0442\u043e\u0432, \u043f\u043e\u0431\u0443\u0436\u0434\u0430\u0442\u044c \u0440\u043e\u0434\u0438\u0442\u0435\u043b\u0435\u0439 \u0438 \u043e\u0441\u0442\u0430\u043b\u044c\u043d\u044b\u0445 \u0436\u0438\u0442\u0435\u043b\u0435\u0439 \u041b\u0430\u0442\u0432\u0438\u0438 \u0434\u0435\u043b\u0438\u0442\u044c\u0441\u044f \u0441\u0432\u043e\u0438\u043c\u0438 \u0438\u0437\u0434\u0435\u043b\u0438\u044f\u043c\u0438, \u0430 \u0442\u0430\u043a\u0436\u0435 \u043f\u043e\u043a\u0443\u043f\u0430\u0442\u044c \u0438 \u043f\u0440\u043e\u0434\u0430\u0432\u0430\u0442\u044c.<\/li>\n<li>\u043f\u043e\u0436\u0435\u0440\u0442\u0432\u043e\u0432\u0430\u043d\u0438\u044f.<\/li>\n<\/ul>\n<div class=\"video-wysiwyg\"><iframe loading=\"lazy\" title=\"Ko \u0123imen\u0113m dod kop\u0101 san\u0101k\u0161ana, pas\u0101kumi, l\u012bdzcilv\u0113ku iesaiste organiz\u0113\u0161an\u0101?\" width=\"500\" height=\"281\" src=\"https:\/\/www.youtube.com\/embed\/yfLgWudoj8M?feature=oembed\" frameborder=\"0\" allow=\"accelerometer; autoplay; clipboard-write; encrypted-media; gyroscope; picture-in-picture\" allowfullscreen><\/iframe><\/div>\n","protected":false},"excerpt":{"rendered":"<p>\u0412 \u0447\u0435\u043c \u0442\u0432\u043e\u044f \u0441\u0438\u043b\u0430?\u00a0\u0422\u0432\u043e\u044f \u0441\u0438\u043b\u0430 \u2014 \u044d\u0442\u043e \u0442\u043e, \u0447\u0442\u043e \u043c\u043e\u0436\u0435\u0442 \u0432\u0434\u043e\u0445\u043d\u043e\u0432\u043b\u044f\u0442\u044c, \u0443\u043a\u0440\u0435\u043f\u043b\u044f\u0442\u044c \u0442\u0435\u0431\u044f \u0441\u0430\u043c\u043e\u0433\u043e \u0438 \u043e\u043a\u0440\u0443\u0436\u0430\u044e\u0449\u0438\u0445. \u041a\u0430\u043a \u043c\u043e\u0436\u043d\u043e \u043f\u043e\u043c\u043e\u0447\u044c \u0441\u0435\u043c\u044c\u044f\u043c: \u043f\u0440\u0430\u043a\u0442\u0438\u0447\u0435\u0441\u043a\u0430\u044f \u043f\u043e\u043c\u043e\u0449\u044c \u2014 \u043e\u0440\u0433\u0430\u043d\u0438\u0437\u0430\u0446\u0438\u044f \u043c\u0435\u0440\u043e\u043f\u0440\u0438\u044f\u0442\u0438\u0439, \u043b\u0435\u043a\u0446\u0438\u0438, \u043f\u0438\u0441\u044c\u043c\u0435\u043d\u043d\u044b\u0435 \u0440\u0430\u0431\u043e\u0442\u044b, \u043f\u0435\u043d\u0438\u0435. \u0434\u0435\u043b\u0430\u044f \u0442\u043e, \u0447\u0442\u043e \u0442\u044b \u043b\u044e\u0431\u0438\u0448\u044c, \u0438 \u0442\u043e, \u0447\u0442\u043e \u0445\u043e\u0447\u0435\u0448\u044c \u0434\u0430\u0442\u044c \u0434\u0440\u0443\u0433\u0438\u043c. \u041d\u0430\u043c \u043e\u0447\u0435\u043d\u044c \u043d\u0443\u0436\u043d\u0430 \u043f\u0440\u0430\u043a\u0442\u0438\u0447\u0435\u0441\u043a\u0430\u044f \u043f\u043e\u043c\u043e\u0449\u044c \u0432 \u0441\u043b\u0435\u0434\u0443\u044e\u0449\u0435\u043c: \u043c\u0430\u0440\u043a\u0435\u0442\u0438\u043d\u0433, \u0430\u0434\u043c\u0438\u043d\u0438\u0441\u0442\u0440\u0438\u0440\u043e\u0432\u0430\u043d\u0438\u0435 \u0441\u043e\u0446\u0438\u0430\u043b\u044c\u043d\u044b\u0445 \u0441\u0435\u0442\u0435\u0439, \u0440\u0443\u043a\u043e\u0432\u043e\u0434\u0441\u0442\u0432\u043e \u0438\u043d\u0438\u0446\u0438\u0430\u0442\u0438\u0432\u043d\u043e\u0439 \u0433\u0440\u0443\u043f\u043f\u043e\u0439 \u0440\u043e\u0434\u0438\u0442\u0435\u043b\u0435\u0439,&#8230;<\/p>\n","protected":false},"author":2,"featured_media":0,"parent":1281,"menu_order":0,"comment_status":"closed","ping_status":"closed","template":"about-us.php","meta":{"_acf_changed":false,"footnotes":""},"acf":[],"yoast_head":"<!-- This site is optimized with the Yoast SEO plugin v21.8 - https:\/\/yoast.com\/wordpress\/plugins\/seo\/ -->\n<title>\u041f\u0440\u0438\u0441\u043e\u0435\u0434\u0438\u043d\u044f\u0439\u0442\u0435\u0441\u044c \u043a \u043d\u0430\u043c | palliative.lv<\/title>\n<meta name=\"robots\" content=\"index, follow, max-snippet:-1, max-image-preview:large, max-video-preview:-1\" \/>\n<link rel=\"canonical\" href=\"https:\/\/palliative.lv\/ru\/o-nas\/prisoedinjajtes-k-nam\/\" \/>\n<meta property=\"og:locale\" content=\"ru_RU\" \/>\n<meta property=\"og:type\" content=\"article\" \/>\n<meta property=\"og:title\" content=\"\u041f\u0440\u0438\u0441\u043e\u0435\u0434\u0438\u043d\u044f\u0439\u0442\u0435\u0441\u044c \u043a \u043d\u0430\u043c | palliative.lv\" \/>\n<meta property=\"og:description\" content=\"\u0412 \u0447\u0435\u043c \u0442\u0432\u043e\u044f \u0441\u0438\u043b\u0430?\u00a0\u0422\u0432\u043e\u044f \u0441\u0438\u043b\u0430 \u2014 \u044d\u0442\u043e \u0442\u043e, \u0447\u0442\u043e \u043c\u043e\u0436\u0435\u0442 \u0432\u0434\u043e\u0445\u043d\u043e\u0432\u043b\u044f\u0442\u044c, \u0443\u043a\u0440\u0435\u043f\u043b\u044f\u0442\u044c \u0442\u0435\u0431\u044f \u0441\u0430\u043c\u043e\u0433\u043e \u0438 \u043e\u043a\u0440\u0443\u0436\u0430\u044e\u0449\u0438\u0445. \u041a\u0430\u043a \u043c\u043e\u0436\u043d\u043e \u043f\u043e\u043c\u043e\u0447\u044c \u0441\u0435\u043c\u044c\u044f\u043c: \u043f\u0440\u0430\u043a\u0442\u0438\u0447\u0435\u0441\u043a\u0430\u044f \u043f\u043e\u043c\u043e\u0449\u044c \u2014 \u043e\u0440\u0433\u0430\u043d\u0438\u0437\u0430\u0446\u0438\u044f \u043c\u0435\u0440\u043e\u043f\u0440\u0438\u044f\u0442\u0438\u0439, \u043b\u0435\u043a\u0446\u0438\u0438, \u043f\u0438\u0441\u044c\u043c\u0435\u043d\u043d\u044b\u0435 \u0440\u0430\u0431\u043e\u0442\u044b, \u043f\u0435\u043d\u0438\u0435. \u0434\u0435\u043b\u0430\u044f \u0442\u043e, \u0447\u0442\u043e \u0442\u044b \u043b\u044e\u0431\u0438\u0448\u044c, \u0438 \u0442\u043e, \u0447\u0442\u043e \u0445\u043e\u0447\u0435\u0448\u044c \u0434\u0430\u0442\u044c \u0434\u0440\u0443\u0433\u0438\u043c. \u041d\u0430\u043c \u043e\u0447\u0435\u043d\u044c \u043d\u0443\u0436\u043d\u0430 \u043f\u0440\u0430\u043a\u0442\u0438\u0447\u0435\u0441\u043a\u0430\u044f \u043f\u043e\u043c\u043e\u0449\u044c \u0432 \u0441\u043b\u0435\u0434\u0443\u044e\u0449\u0435\u043c: \u043c\u0430\u0440\u043a\u0435\u0442\u0438\u043d\u0433, \u0430\u0434\u043c\u0438\u043d\u0438\u0441\u0442\u0440\u0438\u0440\u043e\u0432\u0430\u043d\u0438\u0435 \u0441\u043e\u0446\u0438\u0430\u043b\u044c\u043d\u044b\u0445 \u0441\u0435\u0442\u0435\u0439, \u0440\u0443\u043a\u043e\u0432\u043e\u0434\u0441\u0442\u0432\u043e \u0438\u043d\u0438\u0446\u0438\u0430\u0442\u0438\u0432\u043d\u043e\u0439 \u0433\u0440\u0443\u043f\u043f\u043e\u0439 \u0440\u043e\u0434\u0438\u0442\u0435\u043b\u0435\u0439,...\" \/>\n<meta property=\"og:url\" content=\"https:\/\/palliative.lv\/ru\/o-nas\/prisoedinjajtes-k-nam\/\" \/>\n<meta property=\"og:site_name\" content=\"palliative.lv\" \/>\n<meta property=\"article:modified_time\" content=\"2021-11-23T21:48:27+00:00\" \/>\n<meta property=\"og:image\" content=\"https:\/\/palliative.lv\/wp-content\/uploads\/2021\/11\/2020-08-23-12.42.29.jpg\" \/>\n<meta name=\"twitter:card\" content=\"summary_large_image\" \/>\n<meta name=\"twitter:label1\" content=\"\u041f\u0440\u0438\u043c\u0435\u0440\u043d\u043e\u0435 \u0432\u0440\u0435\u043c\u044f \u0434\u043b\u044f \u0447\u0442\u0435\u043d\u0438\u044f\" \/>\n\t<meta name=\"twitter:data1\" content=\"1 \u043c\u0438\u043d\u0443\u0442\u0430\" \/>\n<script type=\"application\/ld+json\" class=\"yoast-schema-graph\">{\"@context\":\"https:\/\/schema.org\",\"@graph\":[{\"@type\":\"WebPage\",\"@id\":\"https:\/\/palliative.lv\/ru\/o-nas\/prisoedinjajtes-k-nam\/\",\"url\":\"https:\/\/palliative.lv\/ru\/o-nas\/prisoedinjajtes-k-nam\/\",\"name\":\"\u041f\u0440\u0438\u0441\u043e\u0435\u0434\u0438\u043d\u044f\u0439\u0442\u0435\u0441\u044c \u043a \u043d\u0430\u043c | palliative.lv\",\"isPartOf\":{\"@id\":\"https:\/\/palliative.lv\/ru\/#website\"},\"datePublished\":\"2021-11-18T06:25:47+00:00\",\"dateModified\":\"2021-11-23T21:48:27+00:00\",\"breadcrumb\":{\"@id\":\"https:\/\/palliative.lv\/ru\/o-nas\/prisoedinjajtes-k-nam\/#breadcrumb\"},\"inLanguage\":\"ru-RU\",\"potentialAction\":[{\"@type\":\"ReadAction\",\"target\":[\"https:\/\/palliative.lv\/ru\/o-nas\/prisoedinjajtes-k-nam\/\"]}]},{\"@type\":\"BreadcrumbList\",\"@id\":\"https:\/\/palliative.lv\/ru\/o-nas\/prisoedinjajtes-k-nam\/#breadcrumb\",\"itemListElement\":[{\"@type\":\"ListItem\",\"position\":1,\"name\":\"Home\",\"item\":\"https:\/\/palliative.lv\/ru\/\"},{\"@type\":\"ListItem\",\"position\":2,\"name\":\"\u041e \u043d\u0430\u0441\",\"item\":\"https:\/\/palliative.lv\/ru\/o-nas\/\"},{\"@type\":\"ListItem\",\"position\":3,\"name\":\"\u041f\u0440\u0438\u0441\u043e\u0435\u0434\u0438\u043d\u044f\u0439\u0442\u0435\u0441\u044c \u043a \u043d\u0430\u043c\"}]},{\"@type\":\"WebSite\",\"@id\":\"https:\/\/palliative.lv\/ru\/#website\",\"url\":\"https:\/\/palliative.lv\/ru\/\",\"name\":\"palliative.lv\",\"description\":\"\",\"potentialAction\":[{\"@type\":\"SearchAction\",\"target\":{\"@type\":\"EntryPoint\",\"urlTemplate\":\"https:\/\/palliative.lv\/ru\/?s={search_term_string}\"},\"query-input\":\"required name=search_term_string\"}],\"inLanguage\":\"ru-RU\"}]}<\/script>\n<!-- \/ Yoast SEO plugin. -->","yoast_head_json":{"title":"\u041f\u0440\u0438\u0441\u043e\u0435\u0434\u0438\u043d\u044f\u0439\u0442\u0435\u0441\u044c \u043a \u043d\u0430\u043c | palliative.lv","robots":{"index":"index","follow":"follow","max-snippet":"max-snippet:-1","max-image-preview":"max-image-preview:large","max-video-preview":"max-video-preview:-1"},"canonical":"https:\/\/palliative.lv\/ru\/o-nas\/prisoedinjajtes-k-nam\/","og_locale":"ru_RU","og_type":"article","og_title":"\u041f\u0440\u0438\u0441\u043e\u0435\u0434\u0438\u043d\u044f\u0439\u0442\u0435\u0441\u044c \u043a \u043d\u0430\u043c | palliative.lv","og_description":"\u0412 \u0447\u0435\u043c \u0442\u0432\u043e\u044f \u0441\u0438\u043b\u0430?\u00a0\u0422\u0432\u043e\u044f \u0441\u0438\u043b\u0430 \u2014 \u044d\u0442\u043e \u0442\u043e, \u0447\u0442\u043e \u043c\u043e\u0436\u0435\u0442 \u0432\u0434\u043e\u0445\u043d\u043e\u0432\u043b\u044f\u0442\u044c, \u0443\u043a\u0440\u0435\u043f\u043b\u044f\u0442\u044c \u0442\u0435\u0431\u044f \u0441\u0430\u043c\u043e\u0433\u043e \u0438 \u043e\u043a\u0440\u0443\u0436\u0430\u044e\u0449\u0438\u0445. \u041a\u0430\u043a \u043c\u043e\u0436\u043d\u043e \u043f\u043e\u043c\u043e\u0447\u044c \u0441\u0435\u043c\u044c\u044f\u043c: \u043f\u0440\u0430\u043a\u0442\u0438\u0447\u0435\u0441\u043a\u0430\u044f \u043f\u043e\u043c\u043e\u0449\u044c \u2014 \u043e\u0440\u0433\u0430\u043d\u0438\u0437\u0430\u0446\u0438\u044f \u043c\u0435\u0440\u043e\u043f\u0440\u0438\u044f\u0442\u0438\u0439, \u043b\u0435\u043a\u0446\u0438\u0438, \u043f\u0438\u0441\u044c\u043c\u0435\u043d\u043d\u044b\u0435 \u0440\u0430\u0431\u043e\u0442\u044b, \u043f\u0435\u043d\u0438\u0435. \u0434\u0435\u043b\u0430\u044f \u0442\u043e, \u0447\u0442\u043e \u0442\u044b \u043b\u044e\u0431\u0438\u0448\u044c, \u0438 \u0442\u043e, \u0447\u0442\u043e \u0445\u043e\u0447\u0435\u0448\u044c \u0434\u0430\u0442\u044c \u0434\u0440\u0443\u0433\u0438\u043c. \u041d\u0430\u043c \u043e\u0447\u0435\u043d\u044c \u043d\u0443\u0436\u043d\u0430 \u043f\u0440\u0430\u043a\u0442\u0438\u0447\u0435\u0441\u043a\u0430\u044f \u043f\u043e\u043c\u043e\u0449\u044c \u0432 \u0441\u043b\u0435\u0434\u0443\u044e\u0449\u0435\u043c: \u043c\u0430\u0440\u043a\u0435\u0442\u0438\u043d\u0433, \u0430\u0434\u043c\u0438\u043d\u0438\u0441\u0442\u0440\u0438\u0440\u043e\u0432\u0430\u043d\u0438\u0435 \u0441\u043e\u0446\u0438\u0430\u043b\u044c\u043d\u044b\u0445 \u0441\u0435\u0442\u0435\u0439, \u0440\u0443\u043a\u043e\u0432\u043e\u0434\u0441\u0442\u0432\u043e \u0438\u043d\u0438\u0446\u0438\u0430\u0442\u0438\u0432\u043d\u043e\u0439 \u0433\u0440\u0443\u043f\u043f\u043e\u0439 \u0440\u043e\u0434\u0438\u0442\u0435\u043b\u0435\u0439,...","og_url":"https:\/\/palliative.lv\/ru\/o-nas\/prisoedinjajtes-k-nam\/","og_site_name":"palliative.lv","article_modified_time":"2021-11-23T21:48:27+00:00","og_image":[{"url":"https:\/\/palliative.lv\/wp-content\/uploads\/2021\/11\/2020-08-23-12.42.29.jpg"}],"twitter_card":"summary_large_image","twitter_misc":{"\u041f\u0440\u0438\u043c\u0435\u0440\u043d\u043e\u0435 \u0432\u0440\u0435\u043c\u044f \u0434\u043b\u044f \u0447\u0442\u0435\u043d\u0438\u044f":"1 \u043c\u0438\u043d\u0443\u0442\u0430"},"schema":{"@context":"https:\/\/schema.org","@graph":[{"@type":"WebPage","@id":"https:\/\/palliative.lv\/ru\/o-nas\/prisoedinjajtes-k-nam\/","url":"https:\/\/palliative.lv\/ru\/o-nas\/prisoedinjajtes-k-nam\/","name":"\u041f\u0440\u0438\u0441\u043e\u0435\u0434\u0438\u043d\u044f\u0439\u0442\u0435\u0441\u044c \u043a \u043d\u0430\u043c | palliative.lv","isPartOf":{"@id":"https:\/\/palliative.lv\/ru\/#website"},"datePublished":"2021-11-18T06:25:47+00:00","dateModified":"2021-11-23T21:48:27+00:00","breadcrumb":{"@id":"https:\/\/palliative.lv\/ru\/o-nas\/prisoedinjajtes-k-nam\/#breadcrumb"},"inLanguage":"ru-RU","potentialAction":[{"@type":"ReadAction","target":["https:\/\/palliative.lv\/ru\/o-nas\/prisoedinjajtes-k-nam\/"]}]},{"@type":"BreadcrumbList","@id":"https:\/\/palliative.lv\/ru\/o-nas\/prisoedinjajtes-k-nam\/#breadcrumb","itemListElement":[{"@type":"ListItem","position":1,"name":"Home","item":"https:\/\/palliative.lv\/ru\/"},{"@type":"ListItem","position":2,"name":"\u041e \u043d\u0430\u0441","item":"https:\/\/palliative.lv\/ru\/o-nas\/"},{"@type":"ListItem","position":3,"name":"\u041f\u0440\u0438\u0441\u043e\u0435\u0434\u0438\u043d\u044f\u0439\u0442\u0435\u0441\u044c \u043a \u043d\u0430\u043c"}]},{"@type":"WebSite","@id":"https:\/\/palliative.lv\/ru\/#website","url":"https:\/\/palliative.lv\/ru\/","name":"palliative.lv","description":"","potentialAction":[{"@type":"SearchAction","target":{"@type":"EntryPoint","urlTemplate":"https:\/\/palliative.lv\/ru\/?s={search_term_string}"},"query-input":"required name=search_term_string"}],"inLanguage":"ru-RU"}]}},"_links":{"self":[{"href":"https:\/\/palliative.lv\/ru\/wp-json\/wp\/v2\/pages\/1289"}],"collection":[{"href":"https:\/\/palliative.lv\/ru\/wp-json\/wp\/v2\/pages"}],"about":[{"href":"https:\/\/palliative.lv\/ru\/wp-json\/wp\/v2\/types\/page"}],"author":[{"embeddable":true,"href":"https:\/\/palliative.lv\/ru\/wp-json\/wp\/v2\/users\/2"}],"replies":[{"embeddable":true,"href":"https:\/\/palliative.lv\/ru\/wp-json\/wp\/v2\/comments?post=1289"}],"version-history":[{"count":0,"href":"https:\/\/palliative.lv\/ru\/wp-json\/wp\/v2\/pages\/1289\/revisions"}],"up":[{"embeddable":true,"href":"https:\/\/palliative.lv\/ru\/wp-json\/wp\/v2\/pages\/1281"}],"wp:attachment":[{"href":"https:\/\/palliative.lv\/ru\/wp-json\/wp\/v2\/media?parent=1289"}],"curies":[{"name":"wp","href":"https:\/\/api.w.org\/{rel}","templated":true}]}}