{"id":2817,"date":"2022-01-09T07:04:40","date_gmt":"2022-01-09T05:04:40","guid":{"rendered":"https:\/\/palliative.lv\/ziedotajiem\/"},"modified":"2024-04-23T12:53:18","modified_gmt":"2024-04-23T09:53:18","slug":"donation","status":"publish","type":"page","link":"https:\/\/palliative.lv\/en\/donation\/","title":{"rendered":"Donation"},"content":{"rendered":"<h2>Papildu virsraksta vieta<\/h2>\n<p>Katrs b\u0113rns ir peln\u012bjis dz\u012bvot \u0123imen\u0113 visu laiku, ne tikai taj\u0101s dien\u0101s, kad ir vesels, laim\u012bgs un bezr\u016bp\u012bgs. Katrs b\u0113rns, ar\u012b slims, ir peln\u012bjis vakaros sa\u0146emt m\u0101mi\u0146as bu\u010du un klaus\u012bties t\u0113ta \u0161\u016bpu\u013cdziesm\u0101s, nevis slimn\u012bcas aparat\u016bras ska\u0146\u0101s.<\/p>\n<p>Tuvinieku atbalsts un iesp\u0113ja b\u016bt m\u0101j\u0101s vair\u0101k nek\u0101 200 neiz\u0101rst\u0113jami slimiem b\u0113rni\u0146iem ir sp\u0113ka un stiprin\u0101juma avots smag\u0101s slim\u012bbas laik\u0101. Tom\u0113r \u0161iem b\u0113rniem bie\u017ei ir nepiecie\u0161ama ne vien tuvo cilv\u0113ku m\u012blest\u012bba, bet ar\u012b medic\u012bniska aparat\u016bra, speci\u0101ls uzturs, kompetentas profesion\u0101\u013cu komandas atbalsts \u2013 dro\u0161\u012bbas saj\u016bta, ka smag\u0101kaj\u0101s dien\u0101s b\u016bs, kas pal\u012bdz.<\/p>\n","protected":false},"excerpt":{"rendered":"<p>Papildu virsraksta vieta Katrs b\u0113rns ir peln\u012bjis dz\u012bvot \u0123imen\u0113 visu laiku, ne tikai taj\u0101s dien\u0101s, kad ir vesels, laim\u012bgs un bezr\u016bp\u012bgs. Katrs b\u0113rns, ar\u012b slims, ir peln\u012bjis vakaros sa\u0146emt m\u0101mi\u0146as bu\u010du un klaus\u012bties t\u0113ta \u0161\u016bpu\u013cdziesm\u0101s, nevis slimn\u012bcas aparat\u016bras ska\u0146\u0101s. Tuvinieku atbalsts un iesp\u0113ja b\u016bt m\u0101j\u0101s vair\u0101k nek\u0101 200 neiz\u0101rst\u0113jami slimiem b\u0113rni\u0146iem ir sp\u0113ka un stiprin\u0101juma&#8230;<\/p>\n","protected":false},"author":1,"featured_media":0,"parent":0,"menu_order":0,"comment_status":"closed","ping_status":"closed","template":"donation.php","meta":{"_acf_changed":false,"footnotes":""},"acf":[],"yoast_head":"<!-- This site is optimized with the Yoast SEO plugin v21.8 - https:\/\/yoast.com\/wordpress\/plugins\/seo\/ -->\n<title>Donation | palliative.lv<\/title>\n<meta name=\"robots\" content=\"index, follow, max-snippet:-1, max-image-preview:large, max-video-preview:-1\" \/>\n<link rel=\"canonical\" href=\"https:\/\/palliative.lv\/en\/donation\/\" \/>\n<meta property=\"og:locale\" content=\"en_US\" \/>\n<meta property=\"og:type\" content=\"article\" \/>\n<meta property=\"og:title\" content=\"Donation | palliative.lv\" \/>\n<meta property=\"og:description\" content=\"Papildu virsraksta vieta Katrs b\u0113rns ir peln\u012bjis dz\u012bvot \u0123imen\u0113 visu laiku, ne tikai taj\u0101s dien\u0101s, kad ir vesels, laim\u012bgs un bezr\u016bp\u012bgs. Katrs b\u0113rns, ar\u012b slims, ir peln\u012bjis vakaros sa\u0146emt m\u0101mi\u0146as bu\u010du un klaus\u012bties t\u0113ta \u0161\u016bpu\u013cdziesm\u0101s, nevis slimn\u012bcas aparat\u016bras ska\u0146\u0101s. Tuvinieku atbalsts un iesp\u0113ja b\u016bt m\u0101j\u0101s vair\u0101k nek\u0101 200 neiz\u0101rst\u0113jami slimiem b\u0113rni\u0146iem ir sp\u0113ka un stiprin\u0101juma...\" \/>\n<meta property=\"og:url\" content=\"https:\/\/palliative.lv\/en\/donation\/\" \/>\n<meta property=\"og:site_name\" content=\"palliative.lv\" \/>\n<meta property=\"article:modified_time\" content=\"2024-04-23T09:53:18+00:00\" \/>\n<meta name=\"twitter:card\" content=\"summary_large_image\" \/>\n<meta name=\"twitter:label1\" content=\"Est. reading time\" \/>\n\t<meta name=\"twitter:data1\" content=\"1 minute\" \/>\n<script type=\"application\/ld+json\" class=\"yoast-schema-graph\">{\"@context\":\"https:\/\/schema.org\",\"@graph\":[{\"@type\":\"WebPage\",\"@id\":\"https:\/\/palliative.lv\/en\/donation\/\",\"url\":\"https:\/\/palliative.lv\/en\/donation\/\",\"name\":\"Donation | palliative.lv\",\"isPartOf\":{\"@id\":\"https:\/\/palliative.lv\/en\/#website\"},\"datePublished\":\"2022-01-09T05:04:40+00:00\",\"dateModified\":\"2024-04-23T09:53:18+00:00\",\"breadcrumb\":{\"@id\":\"https:\/\/palliative.lv\/en\/donation\/#breadcrumb\"},\"inLanguage\":\"en-US\",\"potentialAction\":[{\"@type\":\"ReadAction\",\"target\":[\"https:\/\/palliative.lv\/en\/donation\/\"]}]},{\"@type\":\"BreadcrumbList\",\"@id\":\"https:\/\/palliative.lv\/en\/donation\/#breadcrumb\",\"itemListElement\":[{\"@type\":\"ListItem\",\"position\":1,\"name\":\"Home\",\"item\":\"https:\/\/palliative.lv\/en\/\"},{\"@type\":\"ListItem\",\"position\":2,\"name\":\"Donation\"}]},{\"@type\":\"WebSite\",\"@id\":\"https:\/\/palliative.lv\/en\/#website\",\"url\":\"https:\/\/palliative.lv\/en\/\",\"name\":\"palliative.lv\",\"description\":\"\",\"potentialAction\":[{\"@type\":\"SearchAction\",\"target\":{\"@type\":\"EntryPoint\",\"urlTemplate\":\"https:\/\/palliative.lv\/en\/?s={search_term_string}\"},\"query-input\":\"required name=search_term_string\"}],\"inLanguage\":\"en-US\"}]}<\/script>\n<!-- \/ Yoast SEO plugin. -->","yoast_head_json":{"title":"Donation | palliative.lv","robots":{"index":"index","follow":"follow","max-snippet":"max-snippet:-1","max-image-preview":"max-image-preview:large","max-video-preview":"max-video-preview:-1"},"canonical":"https:\/\/palliative.lv\/en\/donation\/","og_locale":"en_US","og_type":"article","og_title":"Donation | palliative.lv","og_description":"Papildu virsraksta vieta Katrs b\u0113rns ir peln\u012bjis dz\u012bvot \u0123imen\u0113 visu laiku, ne tikai taj\u0101s dien\u0101s, kad ir vesels, laim\u012bgs un bezr\u016bp\u012bgs. Katrs b\u0113rns, ar\u012b slims, ir peln\u012bjis vakaros sa\u0146emt m\u0101mi\u0146as bu\u010du un klaus\u012bties t\u0113ta \u0161\u016bpu\u013cdziesm\u0101s, nevis slimn\u012bcas aparat\u016bras ska\u0146\u0101s. Tuvinieku atbalsts un iesp\u0113ja b\u016bt m\u0101j\u0101s vair\u0101k nek\u0101 200 neiz\u0101rst\u0113jami slimiem b\u0113rni\u0146iem ir sp\u0113ka un stiprin\u0101juma...","og_url":"https:\/\/palliative.lv\/en\/donation\/","og_site_name":"palliative.lv","article_modified_time":"2024-04-23T09:53:18+00:00","twitter_card":"summary_large_image","twitter_misc":{"Est. reading time":"1 minute"},"schema":{"@context":"https:\/\/schema.org","@graph":[{"@type":"WebPage","@id":"https:\/\/palliative.lv\/en\/donation\/","url":"https:\/\/palliative.lv\/en\/donation\/","name":"Donation | palliative.lv","isPartOf":{"@id":"https:\/\/palliative.lv\/en\/#website"},"datePublished":"2022-01-09T05:04:40+00:00","dateModified":"2024-04-23T09:53:18+00:00","breadcrumb":{"@id":"https:\/\/palliative.lv\/en\/donation\/#breadcrumb"},"inLanguage":"en-US","potentialAction":[{"@type":"ReadAction","target":["https:\/\/palliative.lv\/en\/donation\/"]}]},{"@type":"BreadcrumbList","@id":"https:\/\/palliative.lv\/en\/donation\/#breadcrumb","itemListElement":[{"@type":"ListItem","position":1,"name":"Home","item":"https:\/\/palliative.lv\/en\/"},{"@type":"ListItem","position":2,"name":"Donation"}]},{"@type":"WebSite","@id":"https:\/\/palliative.lv\/en\/#website","url":"https:\/\/palliative.lv\/en\/","name":"palliative.lv","description":"","potentialAction":[{"@type":"SearchAction","target":{"@type":"EntryPoint","urlTemplate":"https:\/\/palliative.lv\/en\/?s={search_term_string}"},"query-input":"required name=search_term_string"}],"inLanguage":"en-US"}]}},"_links":{"self":[{"href":"https:\/\/palliative.lv\/en\/wp-json\/wp\/v2\/pages\/2817"}],"collection":[{"href":"https:\/\/palliative.lv\/en\/wp-json\/wp\/v2\/pages"}],"about":[{"href":"https:\/\/palliative.lv\/en\/wp-json\/wp\/v2\/types\/page"}],"author":[{"embeddable":true,"href":"https:\/\/palliative.lv\/en\/wp-json\/wp\/v2\/users\/1"}],"replies":[{"embeddable":true,"href":"https:\/\/palliative.lv\/en\/wp-json\/wp\/v2\/comments?post=2817"}],"version-history":[{"count":3,"href":"https:\/\/palliative.lv\/en\/wp-json\/wp\/v2\/pages\/2817\/revisions"}],"predecessor-version":[{"id":4468,"href":"https:\/\/palliative.lv\/en\/wp-json\/wp\/v2\/pages\/2817\/revisions\/4468"}],"wp:attachment":[{"href":"https:\/\/palliative.lv\/en\/wp-json\/wp\/v2\/media?parent=2817"}],"curies":[{"name":"wp","href":"https:\/\/api.w.org\/{rel}","templated":true}]}}