{"id":1318,"date":"2021-11-20T18:12:31","date_gmt":"2021-11-20T16:12:31","guid":{"rendered":"https:\/\/palliative.lv\/vecakiem\/kur-mans-berns-var-sanemt-paliativo-aprupi\/"},"modified":"2021-11-24T19:58:27","modified_gmt":"2021-11-24T17:58:27","slug":"where-can-my-child-receive-palliative-care","status":"publish","type":"page","link":"https:\/\/palliative.lv\/en\/for-parents\/where-can-my-child-receive-palliative-care\/","title":{"rendered":"Where can my child receive palliative care?"},"content":{"rendered":"<h2>In Latvia, there are two children\u2019s palliative care units: VSIA Children\u2019s Clinical University Hospital (hereinafter \u2018BKUS\u2019) and SIA Liep\u0101jas re\u0123ion\u0101l\u0101 slimn\u012bca (Liepaja Regional Hospital).<\/h2>\n<p>The BKUS Palliative Care Service provides palliative care services at home in collaboration with the Children\u2019s Palliative Care Society, providing the following services to every family on the palliative care register:<\/p>\n<p>\u00b7\u00a0\u00a0\u00a0\u00a0\u00a0\u00a0\u00a0\u00a0 Palliative home care service for patients living in Riga and the Riga region 24 hours a day, 7 days a week;<\/p>\n<p>\u00b7\u00a0\u00a0\u00a0\u00a0\u00a0\u00a0\u00a0\u00a0 Telephone consultations by specialists of the Palliative Care Team 24 hours a day, 7 days a week;<\/p>\n<p>\u00b7\u00a0\u00a0\u00a0\u00a0\u00a0\u00a0\u00a0\u00a0 Scheduled consultations at home by specialists of the Palliative Care Team throughout the country;<\/p>\n<p>\u00b7\u00a0\u00a0\u00a0\u00a0\u00a0\u00a0\u00a0\u00a0 Consultations at the BKUS Palliative Care Service by specialists of the Palliative Care Team<\/p>\n<p>\u00b7\u00a0\u00a0\u00a0\u00a0\u00a0\u00a0\u00a0\u00a0 Psychosocial and spiritual support for families during the child\u2019s illness and the grieving period (24 months after the loss of the child);<\/p>\n<p>\u00b7\u00a0\u00a0\u00a0\u00a0\u00a0\u00a0\u00a0\u00a0 Support groups for families (parents, siblings and grieving families).<\/p>\n<p>Contact information:<\/p>\n<p>BKUS Children\u2019s Palliative Care Service<\/p>\n<p>Vien\u012bbas gatve 45, Riga, LV-1004<\/p>\n<p>Phone: +37167064443<\/p>\n<p>Mobile phone: +371 29420410<\/p>\n<p>E-mail: hospis@ bkus.lv<\/p>\n<p>&nbsp;<\/p>\n<p>Children\u2019s Palliative Care Society<\/p>\n<p>Registered address: Ik\u0161\u0137iles 2-17, Riga, LV 1063<\/p>\n<p>Physical address: Vien\u012bbas gatve 45, Riga, LV-1004<\/p>\n<p>Phone: +37167064443<\/p>\n<p>Mobile phone: +37128375039<\/p>\n<p>E-mail: &#112;&#x61;&#108;&#x6c;&#105;&#x61;&#116;&#x69;v&#x65;&#46;&#x6c;v&#x40;g&#109;&#x61;&#105;&#x6c;&#46;&#x63;&#111;&#x6d;<\/p>\n<h2>In the Kurzeme region, palliative care services at home are provided jointly by specialists from the palliative care unit of the Liepaja Regional Hospital,the Di\u017evanagi Society, and the Children\u2019s Palliative Care Society, who provide the following services:<\/h2>\n<p>\u00b7\u00a0\u00a0\u00a0\u00a0\u00a0\u00a0\u00a0\u00a0 Scheduled consultations at home by the palliative care team specialists for patients living in Liepaja and Kurzeme region every day, by prior arrangement by phone;<\/p>\n<p>\u00b7\u00a0\u00a0\u00a0\u00a0\u00a0\u00a0\u00a0\u00a0 Telephone consultations by specialists of the Palliative Care Team 24 hours a day, 7 days a week;<\/p>\n<p>\u00b7\u00a0\u00a0\u00a0\u00a0\u00a0\u00a0\u00a0\u00a0 Outpatient consultations by palliative care team specialists (at the Baltic Rehabilitation Centre or in the palliative care room of the Regional Hospital), by prior arrangement by phone;<\/p>\n<p>\u00b7\u00a0\u00a0\u00a0\u00a0\u00a0\u00a0\u00a0\u00a0 Outpatient psychological and psychotherapeutic counselling \u2013 scheduled, by prior arrangement.<\/p>\n<p>\u00b7\u00a0\u00a0\u00a0\u00a0\u00a0\u00a0\u00a0\u00a0 Psychosocial and spiritual support for families during the child\u2019s illness and the grieving period (24 months after the loss of the child);<\/p>\n<p>\u00b7\u00a0\u00a0\u00a0\u00a0\u00a0\u00a0\u00a0\u00a0 Support groups for families raising a terminally ill child;<\/p>\n<p>\u00b7\u00a0\u00a0\u00a0\u00a0\u00a0\u00a0\u00a0\u00a0 \u2018Breathing Space\u2019 services (A decision from the municipality\u2019s social service is required).<\/p>\n<p>Liepaja Regional Hospital<\/p>\n<p>Palliative Care Unit<\/p>\n<p>Phone: 26653212<\/p>\n<p>Website: www.liepajasslimnica.lv Outpatient services &gt; Children\u2019s palliative care unit<\/p>\n<p>Phone: 26653212<\/p>\n<p>&nbsp;<\/p>\n<p>Di\u017evanagi Society<\/p>\n<p>K.Barona iela 14, Liepaja, LV-3401<\/p>\n<p>Phone: 28333920<\/p>\n<p>E-mail: info&#64;dizvanagi&#46;lv<\/p>\n<div class=\"video-wysiwyg\">\n<blockquote class=\"wp-embedded-content\" data-secret=\"k1Kc6cZGGM\"><p><a href=\"https:\/\/www.dizvanagi.lv\/\">S\u0101kums<\/a><\/p><\/blockquote>\n<p><iframe class=\"wp-embedded-content\" sandbox=\"allow-scripts\" security=\"restricted\" style=\"position: absolute; clip: rect(1px, 1px, 1px, 1px);\" title=\"&#8220;S\u0101kums&#8221; &#8212; Di\u017evanagi\" src=\"https:\/\/www.dizvanagi.lv\/embed\/#?secret=k1Kc6cZGGM\" data-secret=\"k1Kc6cZGGM\" width=\"500\" height=\"282\" frameborder=\"0\" marginwidth=\"0\" marginheight=\"0\" scrolling=\"no\"><\/iframe><\/div>\n","protected":false},"excerpt":{"rendered":"<p>In Latvia, there are two children\u2019s palliative care units: VSIA Children\u2019s Clinical University Hospital (hereinafter \u2018BKUS\u2019) and SIA Liep\u0101jas re\u0123ion\u0101l\u0101 slimn\u012bca (Liepaja Regional Hospital). The BKUS Palliative Care Service provides palliative care services at home in collaboration with the Children\u2019s Palliative Care Society, providing the following services to every family on the palliative care register:&#8230;<\/p>\n","protected":false},"author":2,"featured_media":0,"parent":1310,"menu_order":2,"comment_status":"closed","ping_status":"closed","template":"we-support.php","meta":{"_acf_changed":false,"footnotes":""},"acf":[],"yoast_head":"<!-- This site is optimized with the Yoast SEO plugin v21.8 - https:\/\/yoast.com\/wordpress\/plugins\/seo\/ -->\n<title>Where can my child receive palliative care? | palliative.lv<\/title>\n<meta name=\"robots\" content=\"index, follow, max-snippet:-1, max-image-preview:large, max-video-preview:-1\" \/>\n<link rel=\"canonical\" href=\"https:\/\/palliative.lv\/en\/for-parents\/where-can-my-child-receive-palliative-care\/\" \/>\n<meta property=\"og:locale\" content=\"en_US\" \/>\n<meta property=\"og:type\" content=\"article\" \/>\n<meta property=\"og:title\" content=\"Where can my child receive palliative care? | palliative.lv\" \/>\n<meta property=\"og:description\" content=\"In Latvia, there are two children\u2019s palliative care units: VSIA Children\u2019s Clinical University Hospital (hereinafter \u2018BKUS\u2019) and SIA Liep\u0101jas re\u0123ion\u0101l\u0101 slimn\u012bca (Liepaja Regional Hospital). The BKUS Palliative Care Service provides palliative care services at home in collaboration with the Children\u2019s Palliative Care Society, providing the following services to every family on the palliative care register:...\" \/>\n<meta property=\"og:url\" content=\"https:\/\/palliative.lv\/en\/for-parents\/where-can-my-child-receive-palliative-care\/\" \/>\n<meta property=\"og:site_name\" content=\"palliative.lv\" \/>\n<meta property=\"article:modified_time\" content=\"2021-11-24T17:58:27+00:00\" \/>\n<meta name=\"twitter:card\" content=\"summary_large_image\" \/>\n<meta name=\"twitter:label1\" content=\"Est. reading time\" \/>\n\t<meta name=\"twitter:data1\" content=\"2 minutes\" \/>\n<script type=\"application\/ld+json\" class=\"yoast-schema-graph\">{\"@context\":\"https:\/\/schema.org\",\"@graph\":[{\"@type\":\"WebPage\",\"@id\":\"https:\/\/palliative.lv\/en\/for-parents\/where-can-my-child-receive-palliative-care\/\",\"url\":\"https:\/\/palliative.lv\/en\/for-parents\/where-can-my-child-receive-palliative-care\/\",\"name\":\"Where can my child receive palliative care? | palliative.lv\",\"isPartOf\":{\"@id\":\"https:\/\/palliative.lv\/en\/#website\"},\"datePublished\":\"2021-11-20T16:12:31+00:00\",\"dateModified\":\"2021-11-24T17:58:27+00:00\",\"breadcrumb\":{\"@id\":\"https:\/\/palliative.lv\/en\/for-parents\/where-can-my-child-receive-palliative-care\/#breadcrumb\"},\"inLanguage\":\"en-US\",\"potentialAction\":[{\"@type\":\"ReadAction\",\"target\":[\"https:\/\/palliative.lv\/en\/for-parents\/where-can-my-child-receive-palliative-care\/\"]}]},{\"@type\":\"BreadcrumbList\",\"@id\":\"https:\/\/palliative.lv\/en\/for-parents\/where-can-my-child-receive-palliative-care\/#breadcrumb\",\"itemListElement\":[{\"@type\":\"ListItem\",\"position\":1,\"name\":\"Home\",\"item\":\"https:\/\/palliative.lv\/en\/\"},{\"@type\":\"ListItem\",\"position\":2,\"name\":\"For parents\",\"item\":\"https:\/\/palliative.lv\/en\/for-parents\/\"},{\"@type\":\"ListItem\",\"position\":3,\"name\":\"Where can my child receive palliative care?\"}]},{\"@type\":\"WebSite\",\"@id\":\"https:\/\/palliative.lv\/en\/#website\",\"url\":\"https:\/\/palliative.lv\/en\/\",\"name\":\"palliative.lv\",\"description\":\"\",\"potentialAction\":[{\"@type\":\"SearchAction\",\"target\":{\"@type\":\"EntryPoint\",\"urlTemplate\":\"https:\/\/palliative.lv\/en\/?s={search_term_string}\"},\"query-input\":\"required name=search_term_string\"}],\"inLanguage\":\"en-US\"}]}<\/script>\n<!-- \/ Yoast SEO plugin. -->","yoast_head_json":{"title":"Where can my child receive palliative care? | palliative.lv","robots":{"index":"index","follow":"follow","max-snippet":"max-snippet:-1","max-image-preview":"max-image-preview:large","max-video-preview":"max-video-preview:-1"},"canonical":"https:\/\/palliative.lv\/en\/for-parents\/where-can-my-child-receive-palliative-care\/","og_locale":"en_US","og_type":"article","og_title":"Where can my child receive palliative care? | palliative.lv","og_description":"In Latvia, there are two children\u2019s palliative care units: VSIA Children\u2019s Clinical University Hospital (hereinafter \u2018BKUS\u2019) and SIA Liep\u0101jas re\u0123ion\u0101l\u0101 slimn\u012bca (Liepaja Regional Hospital). The BKUS Palliative Care Service provides palliative care services at home in collaboration with the Children\u2019s Palliative Care Society, providing the following services to every family on the palliative care register:...","og_url":"https:\/\/palliative.lv\/en\/for-parents\/where-can-my-child-receive-palliative-care\/","og_site_name":"palliative.lv","article_modified_time":"2021-11-24T17:58:27+00:00","twitter_card":"summary_large_image","twitter_misc":{"Est. reading time":"2 minutes"},"schema":{"@context":"https:\/\/schema.org","@graph":[{"@type":"WebPage","@id":"https:\/\/palliative.lv\/en\/for-parents\/where-can-my-child-receive-palliative-care\/","url":"https:\/\/palliative.lv\/en\/for-parents\/where-can-my-child-receive-palliative-care\/","name":"Where can my child receive palliative care? | palliative.lv","isPartOf":{"@id":"https:\/\/palliative.lv\/en\/#website"},"datePublished":"2021-11-20T16:12:31+00:00","dateModified":"2021-11-24T17:58:27+00:00","breadcrumb":{"@id":"https:\/\/palliative.lv\/en\/for-parents\/where-can-my-child-receive-palliative-care\/#breadcrumb"},"inLanguage":"en-US","potentialAction":[{"@type":"ReadAction","target":["https:\/\/palliative.lv\/en\/for-parents\/where-can-my-child-receive-palliative-care\/"]}]},{"@type":"BreadcrumbList","@id":"https:\/\/palliative.lv\/en\/for-parents\/where-can-my-child-receive-palliative-care\/#breadcrumb","itemListElement":[{"@type":"ListItem","position":1,"name":"Home","item":"https:\/\/palliative.lv\/en\/"},{"@type":"ListItem","position":2,"name":"For parents","item":"https:\/\/palliative.lv\/en\/for-parents\/"},{"@type":"ListItem","position":3,"name":"Where can my child receive palliative care?"}]},{"@type":"WebSite","@id":"https:\/\/palliative.lv\/en\/#website","url":"https:\/\/palliative.lv\/en\/","name":"palliative.lv","description":"","potentialAction":[{"@type":"SearchAction","target":{"@type":"EntryPoint","urlTemplate":"https:\/\/palliative.lv\/en\/?s={search_term_string}"},"query-input":"required name=search_term_string"}],"inLanguage":"en-US"}]}},"_links":{"self":[{"href":"https:\/\/palliative.lv\/en\/wp-json\/wp\/v2\/pages\/1318"}],"collection":[{"href":"https:\/\/palliative.lv\/en\/wp-json\/wp\/v2\/pages"}],"about":[{"href":"https:\/\/palliative.lv\/en\/wp-json\/wp\/v2\/types\/page"}],"author":[{"embeddable":true,"href":"https:\/\/palliative.lv\/en\/wp-json\/wp\/v2\/users\/2"}],"replies":[{"embeddable":true,"href":"https:\/\/palliative.lv\/en\/wp-json\/wp\/v2\/comments?post=1318"}],"version-history":[{"count":0,"href":"https:\/\/palliative.lv\/en\/wp-json\/wp\/v2\/pages\/1318\/revisions"}],"up":[{"embeddable":true,"href":"https:\/\/palliative.lv\/en\/wp-json\/wp\/v2\/pages\/1310"}],"wp:attachment":[{"href":"https:\/\/palliative.lv\/en\/wp-json\/wp\/v2\/media?parent=1318"}],"curies":[{"name":"wp","href":"https:\/\/api.w.org\/{rel}","templated":true}]}}