{"id":1310,"date":"2021-11-15T06:21:44","date_gmt":"2021-11-15T04:21:44","guid":{"rendered":"https:\/\/palliative.lv\/vecakiem\/"},"modified":"2021-11-24T19:46:51","modified_gmt":"2021-11-24T17:46:51","slug":"for-parents","status":"publish","type":"page","link":"https:\/\/palliative.lv\/en\/for-parents\/","title":{"rendered":"For parents"},"content":{"rendered":"    <div class=\"video-component\">\n        <div class=\"video-wrapper align-right\">\n            <a href=\"\" class=\"d-block h-100 overflow-hidden position-relative\" data-toggle=\"modal\" data-target=\"#videoShortcode0\">\n                                    <img decoding=\"async\" src=\"https:\/\/palliative.lv\/wp-content\/uploads\/2021\/11\/we-support-video-min.jpg\" alt=\"\" class=\"video-bg absolute-cover-img\">\n                                <img decoding=\"async\" src=\"https:\/\/palliative.lv\/wp-content\/themes\/duka\/images\/play.png\" alt=\"\" class=\"video-play-button position-absolute object-contain\">\n            <\/a>\n            <div class=\"image-modal-window\">\n                <div class=\"modal video-modal\" id=\"videoShortcode0\" tabindex=\"-1\">\n                    <div class=\"modal-dialog d-inline-block w-100\">\n                        <div class=\"modal-content d-block\">\n                            <div class=\"iframe-wrapper\"><iframe loading=\"lazy\" title=\"Kas ir b\u0113rnu paliat\u012bv\u0101 apr\u016bpe?\" width=\"640\" height=\"360\" src=\"https:\/\/www.youtube.com\/embed\/Tvb-lKXXRh8?start=1&feature=oembed\" frameborder=\"0\" allow=\"accelerometer; autoplay; clipboard-write; encrypted-media; gyroscope; picture-in-picture; web-share\" referrerpolicy=\"strict-origin-when-cross-origin\" allowfullscreen><\/iframe><\/div>\n                        <\/div>\n                    <\/div>\n                    <button class=\"modal-cross position-absolute\" data-dismiss=\"modal\">\n                        <img decoding=\"async\" src=\"https:\/\/palliative.lv\/wp-content\/themes\/duka\/images\/cross.svg\">\n                    <\/button>\n                <\/div>\n            <\/div>\n        <\/div>\n                    <div class=\"video-component-wysiwyg clear-both-wysiwyg wysiwyg-styles\"><h2>What is palliative care for children?<\/h2>\n<p>The question of palliative care for children is answered by parents:<\/p>\n<p>&#8220;Palliative care is a story of how to learn to live in families with children with severe disabilities.&#8221;<\/p>\n<p>In turn, we, the children&#8217;s palliative care team, can say: these families teach us not to give up, they are the ones who create the stories of Latvia&#8217;s strength!<\/p>\n<\/div>\n            <\/div>\n\n    <div class=\"rounded-image-component\">\n                    <div class=\"rounded-image overflow-hidden position-relative\">\n                <img decoding=\"async\" src=\"https:\/\/palliative.lv\/wp-content\/uploads\/2021\/11\/2020-08-23-13.06.30-1024x683.jpg\" alt=\"\" class=\"absolute-cover-img\">\n            <\/div>\n                    <div class=\"rounded-wysiwyg clear-both-wysiwyg wysiwyg-styles\"><h2>Empower to care.<\/h2>\n<p>Selflessness, love, tolerance, children, family, worry, support, care \u2013 each of us understands what these words mean and how much commitment they require.<\/p>\n<p>There are families where love, care and selflessness are needed twice as much. These are families with seriously ill children.<\/p>\n<p>\u2018Empower to care\u2019 is the mission of the Children\u2019s Palliative Care Society, and it could be everyone\u2019s mission in supporting these families.<\/p>\n<p>Learn how to multiply strength for families!<\/p>\n<\/div>\n            <\/div>\n\n","protected":false},"excerpt":{"rendered":"","protected":false},"author":1,"featured_media":0,"parent":0,"menu_order":0,"comment_status":"closed","ping_status":"closed","template":"we-support.php","meta":{"_acf_changed":false,"footnotes":""},"acf":[],"yoast_head":"<!-- This site is optimized with the Yoast SEO plugin v21.8 - https:\/\/yoast.com\/wordpress\/plugins\/seo\/ -->\n<title>For parents | palliative.lv<\/title>\n<meta name=\"robots\" content=\"index, follow, max-snippet:-1, max-image-preview:large, max-video-preview:-1\" \/>\n<link rel=\"canonical\" href=\"https:\/\/palliative.lv\/en\/for-parents\/\" \/>\n<meta property=\"og:locale\" content=\"en_US\" \/>\n<meta property=\"og:type\" content=\"article\" \/>\n<meta property=\"og:title\" content=\"For parents | palliative.lv\" \/>\n<meta property=\"og:url\" content=\"https:\/\/palliative.lv\/en\/for-parents\/\" \/>\n<meta property=\"og:site_name\" content=\"palliative.lv\" \/>\n<meta property=\"article:modified_time\" content=\"2021-11-24T17:46:51+00:00\" \/>\n<meta name=\"twitter:card\" content=\"summary_large_image\" \/>\n<script type=\"application\/ld+json\" class=\"yoast-schema-graph\">{\"@context\":\"https:\/\/schema.org\",\"@graph\":[{\"@type\":\"WebPage\",\"@id\":\"https:\/\/palliative.lv\/en\/for-parents\/\",\"url\":\"https:\/\/palliative.lv\/en\/for-parents\/\",\"name\":\"For parents | palliative.lv\",\"isPartOf\":{\"@id\":\"https:\/\/palliative.lv\/en\/#website\"},\"datePublished\":\"2021-11-15T04:21:44+00:00\",\"dateModified\":\"2021-11-24T17:46:51+00:00\",\"breadcrumb\":{\"@id\":\"https:\/\/palliative.lv\/en\/for-parents\/#breadcrumb\"},\"inLanguage\":\"en-US\",\"potentialAction\":[{\"@type\":\"ReadAction\",\"target\":[\"https:\/\/palliative.lv\/en\/for-parents\/\"]}]},{\"@type\":\"BreadcrumbList\",\"@id\":\"https:\/\/palliative.lv\/en\/for-parents\/#breadcrumb\",\"itemListElement\":[{\"@type\":\"ListItem\",\"position\":1,\"name\":\"Home\",\"item\":\"https:\/\/palliative.lv\/en\/\"},{\"@type\":\"ListItem\",\"position\":2,\"name\":\"For parents\"}]},{\"@type\":\"WebSite\",\"@id\":\"https:\/\/palliative.lv\/en\/#website\",\"url\":\"https:\/\/palliative.lv\/en\/\",\"name\":\"palliative.lv\",\"description\":\"\",\"potentialAction\":[{\"@type\":\"SearchAction\",\"target\":{\"@type\":\"EntryPoint\",\"urlTemplate\":\"https:\/\/palliative.lv\/en\/?s={search_term_string}\"},\"query-input\":\"required name=search_term_string\"}],\"inLanguage\":\"en-US\"}]}<\/script>\n<!-- \/ Yoast SEO plugin. -->","yoast_head_json":{"title":"For parents | palliative.lv","robots":{"index":"index","follow":"follow","max-snippet":"max-snippet:-1","max-image-preview":"max-image-preview:large","max-video-preview":"max-video-preview:-1"},"canonical":"https:\/\/palliative.lv\/en\/for-parents\/","og_locale":"en_US","og_type":"article","og_title":"For parents | palliative.lv","og_url":"https:\/\/palliative.lv\/en\/for-parents\/","og_site_name":"palliative.lv","article_modified_time":"2021-11-24T17:46:51+00:00","twitter_card":"summary_large_image","schema":{"@context":"https:\/\/schema.org","@graph":[{"@type":"WebPage","@id":"https:\/\/palliative.lv\/en\/for-parents\/","url":"https:\/\/palliative.lv\/en\/for-parents\/","name":"For parents | palliative.lv","isPartOf":{"@id":"https:\/\/palliative.lv\/en\/#website"},"datePublished":"2021-11-15T04:21:44+00:00","dateModified":"2021-11-24T17:46:51+00:00","breadcrumb":{"@id":"https:\/\/palliative.lv\/en\/for-parents\/#breadcrumb"},"inLanguage":"en-US","potentialAction":[{"@type":"ReadAction","target":["https:\/\/palliative.lv\/en\/for-parents\/"]}]},{"@type":"BreadcrumbList","@id":"https:\/\/palliative.lv\/en\/for-parents\/#breadcrumb","itemListElement":[{"@type":"ListItem","position":1,"name":"Home","item":"https:\/\/palliative.lv\/en\/"},{"@type":"ListItem","position":2,"name":"For parents"}]},{"@type":"WebSite","@id":"https:\/\/palliative.lv\/en\/#website","url":"https:\/\/palliative.lv\/en\/","name":"palliative.lv","description":"","potentialAction":[{"@type":"SearchAction","target":{"@type":"EntryPoint","urlTemplate":"https:\/\/palliative.lv\/en\/?s={search_term_string}"},"query-input":"required name=search_term_string"}],"inLanguage":"en-US"}]}},"_links":{"self":[{"href":"https:\/\/palliative.lv\/en\/wp-json\/wp\/v2\/pages\/1310"}],"collection":[{"href":"https:\/\/palliative.lv\/en\/wp-json\/wp\/v2\/pages"}],"about":[{"href":"https:\/\/palliative.lv\/en\/wp-json\/wp\/v2\/types\/page"}],"author":[{"embeddable":true,"href":"https:\/\/palliative.lv\/en\/wp-json\/wp\/v2\/users\/1"}],"replies":[{"embeddable":true,"href":"https:\/\/palliative.lv\/en\/wp-json\/wp\/v2\/comments?post=1310"}],"version-history":[{"count":0,"href":"https:\/\/palliative.lv\/en\/wp-json\/wp\/v2\/pages\/1310\/revisions"}],"wp:attachment":[{"href":"https:\/\/palliative.lv\/en\/wp-json\/wp\/v2\/media?parent=1310"}],"curies":[{"name":"wp","href":"https:\/\/api.w.org\/{rel}","templated":true}]}}