{"id":1292,"date":"2021-11-15T06:06:30","date_gmt":"2021-11-15T04:06:30","guid":{"rendered":"https:\/\/palliative.lv\/par-mums\/sasniegumi\/"},"modified":"2021-12-22T11:40:11","modified_gmt":"2021-12-22T09:40:11","slug":"achievements","status":"publish","type":"page","link":"https:\/\/palliative.lv\/en\/about-us\/achievements\/","title":{"rendered":"Achievements"},"content":{"rendered":"","protected":false},"excerpt":{"rendered":"","protected":false},"author":1,"featured_media":0,"parent":1280,"menu_order":0,"comment_status":"closed","ping_status":"closed","template":"achievements.php","meta":{"_acf_changed":false,"footnotes":""},"acf":[],"yoast_head":"<!-- This site is optimized with the Yoast SEO plugin v21.8 - https:\/\/yoast.com\/wordpress\/plugins\/seo\/ -->\n<title>Achievements | palliative.lv<\/title>\n<meta name=\"description\" content=\"B\u0113rnu paliat\u012bv\u0101s apr\u016bpes biedr\u012bba sav\u0101 darb\u012bbas laik\u0101 \u012bstenojusi 12 starptautiskus un 23 viet\u0113ja rakstura projektus, ka ar\u012b piedal\u012bjusies 2 starptautiskos projektos. Biedr\u012bba iesaist\u012bjusies vair\u0101ku normat\u012bvo aktu un pl\u0101no\u0161anas dokumentu izstr\u0101d\u0113, nodro\u0161inot paliat\u012bv\u0101 apr\u016bp\u0113 eso\u0161o \u0123ime\u0146u intere\u0161u aizst\u0101v\u012bbu un sniedzot profesion\u0101lu redz\u0113jumu par pakalpojumu pilnveido\u0161anu un nozares att\u012bst\u012bbu.\" \/>\n<meta name=\"robots\" content=\"index, follow, max-snippet:-1, max-image-preview:large, max-video-preview:-1\" \/>\n<link rel=\"canonical\" href=\"https:\/\/palliative.lv\/en\/about-us\/achievements\/\" \/>\n<meta property=\"og:locale\" content=\"en_US\" \/>\n<meta property=\"og:type\" content=\"article\" \/>\n<meta property=\"og:title\" content=\"Achievements | palliative.lv\" \/>\n<meta property=\"og:description\" content=\"B\u0113rnu paliat\u012bv\u0101s apr\u016bpes biedr\u012bba sav\u0101 darb\u012bbas laik\u0101 \u012bstenojusi 12 starptautiskus un 23 viet\u0113ja rakstura projektus, ka ar\u012b piedal\u012bjusies 2 starptautiskos projektos. Biedr\u012bba iesaist\u012bjusies vair\u0101ku normat\u012bvo aktu un pl\u0101no\u0161anas dokumentu izstr\u0101d\u0113, nodro\u0161inot paliat\u012bv\u0101 apr\u016bp\u0113 eso\u0161o \u0123ime\u0146u intere\u0161u aizst\u0101v\u012bbu un sniedzot profesion\u0101lu redz\u0113jumu par pakalpojumu pilnveido\u0161anu un nozares att\u012bst\u012bbu.\" \/>\n<meta property=\"og:url\" content=\"https:\/\/palliative.lv\/en\/about-us\/achievements\/\" \/>\n<meta property=\"og:site_name\" content=\"palliative.lv\" \/>\n<meta property=\"article:modified_time\" content=\"2021-12-22T09:40:11+00:00\" \/>\n<meta name=\"twitter:card\" content=\"summary_large_image\" \/>\n<script type=\"application\/ld+json\" class=\"yoast-schema-graph\">{\"@context\":\"https:\/\/schema.org\",\"@graph\":[{\"@type\":\"WebPage\",\"@id\":\"https:\/\/palliative.lv\/en\/about-us\/achievements\/\",\"url\":\"https:\/\/palliative.lv\/en\/about-us\/achievements\/\",\"name\":\"Achievements | palliative.lv\",\"isPartOf\":{\"@id\":\"https:\/\/palliative.lv\/en\/#website\"},\"datePublished\":\"2021-11-15T04:06:30+00:00\",\"dateModified\":\"2021-12-22T09:40:11+00:00\",\"description\":\"B\u0113rnu paliat\u012bv\u0101s apr\u016bpes biedr\u012bba sav\u0101 darb\u012bbas laik\u0101 \u012bstenojusi 12 starptautiskus un 23 viet\u0113ja rakstura projektus, ka ar\u012b piedal\u012bjusies 2 starptautiskos projektos. Biedr\u012bba iesaist\u012bjusies vair\u0101ku normat\u012bvo aktu un pl\u0101no\u0161anas dokumentu izstr\u0101d\u0113, nodro\u0161inot paliat\u012bv\u0101 apr\u016bp\u0113 eso\u0161o \u0123ime\u0146u intere\u0161u aizst\u0101v\u012bbu un sniedzot profesion\u0101lu redz\u0113jumu par pakalpojumu pilnveido\u0161anu un nozares att\u012bst\u012bbu.\",\"breadcrumb\":{\"@id\":\"https:\/\/palliative.lv\/en\/about-us\/achievements\/#breadcrumb\"},\"inLanguage\":\"en-US\",\"potentialAction\":[{\"@type\":\"ReadAction\",\"target\":[\"https:\/\/palliative.lv\/en\/about-us\/achievements\/\"]}]},{\"@type\":\"BreadcrumbList\",\"@id\":\"https:\/\/palliative.lv\/en\/about-us\/achievements\/#breadcrumb\",\"itemListElement\":[{\"@type\":\"ListItem\",\"position\":1,\"name\":\"Home\",\"item\":\"https:\/\/palliative.lv\/en\/\"},{\"@type\":\"ListItem\",\"position\":2,\"name\":\"About us\",\"item\":\"https:\/\/palliative.lv\/en\/about-us\/\"},{\"@type\":\"ListItem\",\"position\":3,\"name\":\"Achievements\"}]},{\"@type\":\"WebSite\",\"@id\":\"https:\/\/palliative.lv\/en\/#website\",\"url\":\"https:\/\/palliative.lv\/en\/\",\"name\":\"palliative.lv\",\"description\":\"\",\"potentialAction\":[{\"@type\":\"SearchAction\",\"target\":{\"@type\":\"EntryPoint\",\"urlTemplate\":\"https:\/\/palliative.lv\/en\/?s={search_term_string}\"},\"query-input\":\"required name=search_term_string\"}],\"inLanguage\":\"en-US\"}]}<\/script>\n<!-- \/ Yoast SEO plugin. -->","yoast_head_json":{"title":"Achievements | palliative.lv","description":"B\u0113rnu paliat\u012bv\u0101s apr\u016bpes biedr\u012bba sav\u0101 darb\u012bbas laik\u0101 \u012bstenojusi 12 starptautiskus un 23 viet\u0113ja rakstura projektus, ka ar\u012b piedal\u012bjusies 2 starptautiskos projektos. Biedr\u012bba iesaist\u012bjusies vair\u0101ku normat\u012bvo aktu un pl\u0101no\u0161anas dokumentu izstr\u0101d\u0113, nodro\u0161inot paliat\u012bv\u0101 apr\u016bp\u0113 eso\u0161o \u0123ime\u0146u intere\u0161u aizst\u0101v\u012bbu un sniedzot profesion\u0101lu redz\u0113jumu par pakalpojumu pilnveido\u0161anu un nozares att\u012bst\u012bbu.","robots":{"index":"index","follow":"follow","max-snippet":"max-snippet:-1","max-image-preview":"max-image-preview:large","max-video-preview":"max-video-preview:-1"},"canonical":"https:\/\/palliative.lv\/en\/about-us\/achievements\/","og_locale":"en_US","og_type":"article","og_title":"Achievements | palliative.lv","og_description":"B\u0113rnu paliat\u012bv\u0101s apr\u016bpes biedr\u012bba sav\u0101 darb\u012bbas laik\u0101 \u012bstenojusi 12 starptautiskus un 23 viet\u0113ja rakstura projektus, ka ar\u012b piedal\u012bjusies 2 starptautiskos projektos. Biedr\u012bba iesaist\u012bjusies vair\u0101ku normat\u012bvo aktu un pl\u0101no\u0161anas dokumentu izstr\u0101d\u0113, nodro\u0161inot paliat\u012bv\u0101 apr\u016bp\u0113 eso\u0161o \u0123ime\u0146u intere\u0161u aizst\u0101v\u012bbu un sniedzot profesion\u0101lu redz\u0113jumu par pakalpojumu pilnveido\u0161anu un nozares att\u012bst\u012bbu.","og_url":"https:\/\/palliative.lv\/en\/about-us\/achievements\/","og_site_name":"palliative.lv","article_modified_time":"2021-12-22T09:40:11+00:00","twitter_card":"summary_large_image","schema":{"@context":"https:\/\/schema.org","@graph":[{"@type":"WebPage","@id":"https:\/\/palliative.lv\/en\/about-us\/achievements\/","url":"https:\/\/palliative.lv\/en\/about-us\/achievements\/","name":"Achievements | palliative.lv","isPartOf":{"@id":"https:\/\/palliative.lv\/en\/#website"},"datePublished":"2021-11-15T04:06:30+00:00","dateModified":"2021-12-22T09:40:11+00:00","description":"B\u0113rnu paliat\u012bv\u0101s apr\u016bpes biedr\u012bba sav\u0101 darb\u012bbas laik\u0101 \u012bstenojusi 12 starptautiskus un 23 viet\u0113ja rakstura projektus, ka ar\u012b piedal\u012bjusies 2 starptautiskos projektos. Biedr\u012bba iesaist\u012bjusies vair\u0101ku normat\u012bvo aktu un pl\u0101no\u0161anas dokumentu izstr\u0101d\u0113, nodro\u0161inot paliat\u012bv\u0101 apr\u016bp\u0113 eso\u0161o \u0123ime\u0146u intere\u0161u aizst\u0101v\u012bbu un sniedzot profesion\u0101lu redz\u0113jumu par pakalpojumu pilnveido\u0161anu un nozares att\u012bst\u012bbu.","breadcrumb":{"@id":"https:\/\/palliative.lv\/en\/about-us\/achievements\/#breadcrumb"},"inLanguage":"en-US","potentialAction":[{"@type":"ReadAction","target":["https:\/\/palliative.lv\/en\/about-us\/achievements\/"]}]},{"@type":"BreadcrumbList","@id":"https:\/\/palliative.lv\/en\/about-us\/achievements\/#breadcrumb","itemListElement":[{"@type":"ListItem","position":1,"name":"Home","item":"https:\/\/palliative.lv\/en\/"},{"@type":"ListItem","position":2,"name":"About us","item":"https:\/\/palliative.lv\/en\/about-us\/"},{"@type":"ListItem","position":3,"name":"Achievements"}]},{"@type":"WebSite","@id":"https:\/\/palliative.lv\/en\/#website","url":"https:\/\/palliative.lv\/en\/","name":"palliative.lv","description":"","potentialAction":[{"@type":"SearchAction","target":{"@type":"EntryPoint","urlTemplate":"https:\/\/palliative.lv\/en\/?s={search_term_string}"},"query-input":"required name=search_term_string"}],"inLanguage":"en-US"}]}},"_links":{"self":[{"href":"https:\/\/palliative.lv\/en\/wp-json\/wp\/v2\/pages\/1292"}],"collection":[{"href":"https:\/\/palliative.lv\/en\/wp-json\/wp\/v2\/pages"}],"about":[{"href":"https:\/\/palliative.lv\/en\/wp-json\/wp\/v2\/types\/page"}],"author":[{"embeddable":true,"href":"https:\/\/palliative.lv\/en\/wp-json\/wp\/v2\/users\/1"}],"replies":[{"embeddable":true,"href":"https:\/\/palliative.lv\/en\/wp-json\/wp\/v2\/comments?post=1292"}],"version-history":[{"count":1,"href":"https:\/\/palliative.lv\/en\/wp-json\/wp\/v2\/pages\/1292\/revisions"}],"predecessor-version":[{"id":2563,"href":"https:\/\/palliative.lv\/en\/wp-json\/wp\/v2\/pages\/1292\/revisions\/2563"}],"up":[{"embeddable":true,"href":"https:\/\/palliative.lv\/en\/wp-json\/wp\/v2\/pages\/1280"}],"wp:attachment":[{"href":"https:\/\/palliative.lv\/en\/wp-json\/wp\/v2\/media?parent=1292"}],"curies":[{"name":"wp","href":"https:\/\/api.w.org\/{rel}","templated":true}]}}