{"id":1259,"date":"2021-11-20T17:26:24","date_gmt":"2021-11-20T15:26:24","guid":{"rendered":"https:\/\/palliative.lv\/atbalstitajiem\/ka-iesaistities-bernu-paliativas-aprupes-biedribas-darba\/"},"modified":"2021-11-24T20:15:41","modified_gmt":"2021-11-24T18:15:41","slug":"how-to-get-involved-in-the-work-of-a-children-s-palliative-care-society","status":"publish","type":"page","link":"https:\/\/palliative.lv\/en\/for-supporters\/how-to-get-involved-in-the-work-of-a-children-s-palliative-care-society\/","title":{"rendered":"How to get involved in the work of a children&#8217;s palliative care society?"},"content":{"rendered":"<h2>What is Your Duka (Your strength?) Your strength is what can inspire, strengthen others and yourself.<\/h2>\n<p><img loading=\"lazy\" decoding=\"async\" class=\"alignnone size-full wp-image-907\" src=\"https:\/\/palliative.lv\/wp-content\/uploads\/2021\/11\/2020-08-23-12.42.29.jpg\" alt=\"\" width=\"1920\" height=\"1280\" srcset=\"https:\/\/palliative.lv\/wp-content\/uploads\/2021\/11\/2020-08-23-12.42.29.jpg 1920w, https:\/\/palliative.lv\/wp-content\/uploads\/2021\/11\/2020-08-23-12.42.29-300x200.jpg 300w, https:\/\/palliative.lv\/wp-content\/uploads\/2021\/11\/2020-08-23-12.42.29-1024x683.jpg 1024w, https:\/\/palliative.lv\/wp-content\/uploads\/2021\/11\/2020-08-23-12.42.29-768x512.jpg 768w, https:\/\/palliative.lv\/wp-content\/uploads\/2021\/11\/2020-08-23-12.42.29-1500x1000.jpg 1500w\" sizes=\"(max-width: 1920px) 100vw, 1920px\" \/><\/p>\n<h2>Support families:<\/h2>\n<ul>\n<li>by helping in practical ways, e.g. organising get-togethers, lectures, writing, singing.<\/li>\n<li>by doing what you love and what you wish to give to others.<\/li>\n<\/ul>\n<h2>Practically, we really need help with:<\/h2>\n<ul>\n<li>digital marketing, social media administration,<\/li>\n<li>running a parent initiative group,<\/li>\n<li>event planning,<\/li>\n<li>writing projects,<\/li>\n<li>blogging on meaningful topics that touch on the quality of life, life, death, people, values,<\/li>\n<li>a curator of the online store who will use their \u2018duka\u2019 (strength and energy) to attract and encourage parents and any Latvian resident to share, buy and sell their masterpieces.<\/li>\n<li>support us by donating<\/li>\n<\/ul>\n<div class=\"video-wysiwyg\"><iframe loading=\"lazy\" title=\"Ko \u0123imen\u0113m dod kop\u0101 san\u0101k\u0161ana, pas\u0101kumi, l\u012bdzcilv\u0113ku iesaiste organiz\u0113\u0161an\u0101?\" width=\"500\" height=\"281\" src=\"https:\/\/www.youtube.com\/embed\/yfLgWudoj8M?feature=oembed\" frameborder=\"0\" allow=\"accelerometer; autoplay; clipboard-write; encrypted-media; gyroscope; picture-in-picture; web-share\" allowfullscreen><\/iframe><\/div>\n","protected":false},"excerpt":{"rendered":"<p>What is Your Duka (Your strength?) Your strength is what can inspire, strengthen others and yourself. Support families: by helping in practical ways, e.g. organising get-togethers, lectures, writing, singing. by doing what you love and what you wish to give to others. Practically, we really need help with: digital marketing, social media administration, running a&#8230;<\/p>\n","protected":false},"author":2,"featured_media":0,"parent":1255,"menu_order":0,"comment_status":"closed","ping_status":"closed","template":"for-supporters.php","meta":{"_acf_changed":false,"footnotes":""},"acf":[],"yoast_head":"<!-- This site is optimized with the Yoast SEO plugin v21.8 - https:\/\/yoast.com\/wordpress\/plugins\/seo\/ -->\n<title>How to get involved in the work of a children&#039;s palliative care society? | palliative.lv<\/title>\n<meta name=\"robots\" content=\"index, follow, max-snippet:-1, max-image-preview:large, max-video-preview:-1\" \/>\n<link rel=\"canonical\" href=\"https:\/\/palliative.lv\/en\/for-supporters\/how-to-get-involved-in-the-work-of-a-children-s-palliative-care-society\/\" \/>\n<meta property=\"og:locale\" content=\"en_US\" \/>\n<meta property=\"og:type\" content=\"article\" \/>\n<meta property=\"og:title\" content=\"How to get involved in the work of a children&#039;s palliative care society? | palliative.lv\" \/>\n<meta property=\"og:description\" content=\"What is Your Duka (Your strength?) Your strength is what can inspire, strengthen others and yourself. Support families: by helping in practical ways, e.g. organising get-togethers, lectures, writing, singing. by doing what you love and what you wish to give to others. Practically, we really need help with: digital marketing, social media administration, running a...\" \/>\n<meta property=\"og:url\" content=\"https:\/\/palliative.lv\/en\/for-supporters\/how-to-get-involved-in-the-work-of-a-children-s-palliative-care-society\/\" \/>\n<meta property=\"og:site_name\" content=\"palliative.lv\" \/>\n<meta property=\"article:modified_time\" content=\"2021-11-24T18:15:41+00:00\" \/>\n<meta property=\"og:image\" content=\"https:\/\/palliative.lv\/wp-content\/uploads\/2021\/11\/2020-08-23-12.42.29.jpg\" \/>\n<meta name=\"twitter:card\" content=\"summary_large_image\" \/>\n<meta name=\"twitter:label1\" content=\"Est. reading time\" \/>\n\t<meta name=\"twitter:data1\" content=\"1 minute\" \/>\n<script type=\"application\/ld+json\" class=\"yoast-schema-graph\">{\"@context\":\"https:\/\/schema.org\",\"@graph\":[{\"@type\":\"WebPage\",\"@id\":\"https:\/\/palliative.lv\/en\/for-supporters\/how-to-get-involved-in-the-work-of-a-children-s-palliative-care-society\/\",\"url\":\"https:\/\/palliative.lv\/en\/for-supporters\/how-to-get-involved-in-the-work-of-a-children-s-palliative-care-society\/\",\"name\":\"How to get involved in the work of a children's palliative care society? | palliative.lv\",\"isPartOf\":{\"@id\":\"https:\/\/palliative.lv\/en\/#website\"},\"datePublished\":\"2021-11-20T15:26:24+00:00\",\"dateModified\":\"2021-11-24T18:15:41+00:00\",\"breadcrumb\":{\"@id\":\"https:\/\/palliative.lv\/en\/for-supporters\/how-to-get-involved-in-the-work-of-a-children-s-palliative-care-society\/#breadcrumb\"},\"inLanguage\":\"en-US\",\"potentialAction\":[{\"@type\":\"ReadAction\",\"target\":[\"https:\/\/palliative.lv\/en\/for-supporters\/how-to-get-involved-in-the-work-of-a-children-s-palliative-care-society\/\"]}]},{\"@type\":\"BreadcrumbList\",\"@id\":\"https:\/\/palliative.lv\/en\/for-supporters\/how-to-get-involved-in-the-work-of-a-children-s-palliative-care-society\/#breadcrumb\",\"itemListElement\":[{\"@type\":\"ListItem\",\"position\":1,\"name\":\"Home\",\"item\":\"https:\/\/palliative.lv\/en\/\"},{\"@type\":\"ListItem\",\"position\":2,\"name\":\"For supporters\",\"item\":\"https:\/\/palliative.lv\/en\/for-supporters\/\"},{\"@type\":\"ListItem\",\"position\":3,\"name\":\"How to get involved in the work of a children&#8217;s palliative care society?\"}]},{\"@type\":\"WebSite\",\"@id\":\"https:\/\/palliative.lv\/en\/#website\",\"url\":\"https:\/\/palliative.lv\/en\/\",\"name\":\"palliative.lv\",\"description\":\"\",\"potentialAction\":[{\"@type\":\"SearchAction\",\"target\":{\"@type\":\"EntryPoint\",\"urlTemplate\":\"https:\/\/palliative.lv\/en\/?s={search_term_string}\"},\"query-input\":\"required name=search_term_string\"}],\"inLanguage\":\"en-US\"}]}<\/script>\n<!-- \/ Yoast SEO plugin. -->","yoast_head_json":{"title":"How to get involved in the work of a children's palliative care society? | palliative.lv","robots":{"index":"index","follow":"follow","max-snippet":"max-snippet:-1","max-image-preview":"max-image-preview:large","max-video-preview":"max-video-preview:-1"},"canonical":"https:\/\/palliative.lv\/en\/for-supporters\/how-to-get-involved-in-the-work-of-a-children-s-palliative-care-society\/","og_locale":"en_US","og_type":"article","og_title":"How to get involved in the work of a children's palliative care society? | palliative.lv","og_description":"What is Your Duka (Your strength?) Your strength is what can inspire, strengthen others and yourself. Support families: by helping in practical ways, e.g. organising get-togethers, lectures, writing, singing. by doing what you love and what you wish to give to others. Practically, we really need help with: digital marketing, social media administration, running a...","og_url":"https:\/\/palliative.lv\/en\/for-supporters\/how-to-get-involved-in-the-work-of-a-children-s-palliative-care-society\/","og_site_name":"palliative.lv","article_modified_time":"2021-11-24T18:15:41+00:00","og_image":[{"url":"https:\/\/palliative.lv\/wp-content\/uploads\/2021\/11\/2020-08-23-12.42.29.jpg"}],"twitter_card":"summary_large_image","twitter_misc":{"Est. reading time":"1 minute"},"schema":{"@context":"https:\/\/schema.org","@graph":[{"@type":"WebPage","@id":"https:\/\/palliative.lv\/en\/for-supporters\/how-to-get-involved-in-the-work-of-a-children-s-palliative-care-society\/","url":"https:\/\/palliative.lv\/en\/for-supporters\/how-to-get-involved-in-the-work-of-a-children-s-palliative-care-society\/","name":"How to get involved in the work of a children's palliative care society? | palliative.lv","isPartOf":{"@id":"https:\/\/palliative.lv\/en\/#website"},"datePublished":"2021-11-20T15:26:24+00:00","dateModified":"2021-11-24T18:15:41+00:00","breadcrumb":{"@id":"https:\/\/palliative.lv\/en\/for-supporters\/how-to-get-involved-in-the-work-of-a-children-s-palliative-care-society\/#breadcrumb"},"inLanguage":"en-US","potentialAction":[{"@type":"ReadAction","target":["https:\/\/palliative.lv\/en\/for-supporters\/how-to-get-involved-in-the-work-of-a-children-s-palliative-care-society\/"]}]},{"@type":"BreadcrumbList","@id":"https:\/\/palliative.lv\/en\/for-supporters\/how-to-get-involved-in-the-work-of-a-children-s-palliative-care-society\/#breadcrumb","itemListElement":[{"@type":"ListItem","position":1,"name":"Home","item":"https:\/\/palliative.lv\/en\/"},{"@type":"ListItem","position":2,"name":"For supporters","item":"https:\/\/palliative.lv\/en\/for-supporters\/"},{"@type":"ListItem","position":3,"name":"How to get involved in the work of a children&#8217;s palliative care society?"}]},{"@type":"WebSite","@id":"https:\/\/palliative.lv\/en\/#website","url":"https:\/\/palliative.lv\/en\/","name":"palliative.lv","description":"","potentialAction":[{"@type":"SearchAction","target":{"@type":"EntryPoint","urlTemplate":"https:\/\/palliative.lv\/en\/?s={search_term_string}"},"query-input":"required name=search_term_string"}],"inLanguage":"en-US"}]}},"_links":{"self":[{"href":"https:\/\/palliative.lv\/en\/wp-json\/wp\/v2\/pages\/1259"}],"collection":[{"href":"https:\/\/palliative.lv\/en\/wp-json\/wp\/v2\/pages"}],"about":[{"href":"https:\/\/palliative.lv\/en\/wp-json\/wp\/v2\/types\/page"}],"author":[{"embeddable":true,"href":"https:\/\/palliative.lv\/en\/wp-json\/wp\/v2\/users\/2"}],"replies":[{"embeddable":true,"href":"https:\/\/palliative.lv\/en\/wp-json\/wp\/v2\/comments?post=1259"}],"version-history":[{"count":0,"href":"https:\/\/palliative.lv\/en\/wp-json\/wp\/v2\/pages\/1259\/revisions"}],"up":[{"embeddable":true,"href":"https:\/\/palliative.lv\/en\/wp-json\/wp\/v2\/pages\/1255"}],"wp:attachment":[{"href":"https:\/\/palliative.lv\/en\/wp-json\/wp\/v2\/media?parent=1259"}],"curies":[{"name":"wp","href":"https:\/\/api.w.org\/{rel}","templated":true}]}}